{"id":4192,"date":"2021-11-12T18:24:01","date_gmt":"2021-11-12T15:24:01","guid":{"rendered":"https:\/\/www.sankovakif.com\/sani-konukoglu\/"},"modified":"2022-10-10T12:55:21","modified_gmt":"2022-10-10T09:55:21","slug":"sani-konukoglu","status":"publish","type":"page","link":"https:\/\/www.sankovakif.com\/en\/about-us\/sani-konukoglu\/","title":{"rendered":"Sani Konuko\u011flu"},"content":{"rendered":"\t\t<div data-elementor-type=\"wp-page\" data-elementor-id=\"4192\" class=\"elementor elementor-4192 elementor-2130\" data-elementor-post-type=\"page\">\n\t\t\t\t\t\t<section data-particle_enable=\"false\" data-particle-mobile-disabled=\"false\" class=\"elementor-section elementor-top-section elementor-element elementor-element-b0c38a7 qode_elementor_container_inner elementor-section-boxed elementor-section-height-default elementor-section-height-default parallax_section_no\" data-id=\"b0c38a7\" data-element_type=\"section\">\n\t\t\t\t\t\t<div class=\"elementor-container elementor-column-gap-no\">\n\t\t\t\t\t<div class=\"elementor-column elementor-col-100 elementor-top-column elementor-element elementor-element-a8111c3\" data-id=\"a8111c3\" data-element_type=\"column\">\n\t\t\t<div class=\"elementor-widget-wrap elementor-element-populated\">\n\t\t\t\t\t\t<div class=\"elementor-element elementor-element-2a2188b elementor-widget-divider--view-line_text elementor-widget-divider--element-align-center elementor-invisible elementor-widget elementor-widget-divider\" data-id=\"2a2188b\" data-element_type=\"widget\" data-settings=\"{&quot;_animation&quot;:&quot;fadeInDown&quot;}\" data-widget_type=\"divider.default\">\n\t\t\t\t<div class=\"elementor-widget-container\">\n\t\t\t\t\t<div class=\"elementor-divider\">\n\t\t\t<span class=\"elementor-divider-separator\">\n\t\t\t\t\t\t\t<span class=\"elementor-divider__text elementor-divider__element\">\n\t\t\t\tFOUNDER OF OUR FOUNDATION\t\t\t\t<\/span>\n\t\t\t\t\t\t<\/span>\n\t\t<\/div>\n\t\t\t\t<\/div>\n\t\t\t\t<\/div>\n\t\t\t\t<div class=\"elementor-element elementor-element-b2af236 elementor-invisible elementor-widget elementor-widget-text-editor\" data-id=\"b2af236\" data-element_type=\"widget\" data-settings=\"{&quot;_animation&quot;:&quot;fadeInDown&quot;}\" data-widget_type=\"text-editor.default\">\n\t\t\t\t<div class=\"elementor-widget-container\">\n\t\t\t\t\t\t\t<h2>Sani Konuko\u011flu<\/h2>\t\t\t\t\t\t<\/div>\n\t\t\t\t<\/div>\n\t\t\t\t<div class=\"elementor-element elementor-element-1749b7d elementor-widget elementor-widget-image\" data-id=\"1749b7d\" data-element_type=\"widget\" data-widget_type=\"image.default\">\n\t\t\t\t<div class=\"elementor-widget-container\">\n\t\t\t\t\t\t\t\t\t\t\t\t\t<img fetchpriority=\"high\" decoding=\"async\" width=\"2560\" height=\"1813\" src=\"https:\/\/www.sankovakif.com\/wp-content\/uploads\/2021\/06\/sani-k-buyuk-scaled.jpg\" class=\"attachment-full size-full wp-image-518\" alt=\"\" srcset=\"https:\/\/www.sankovakif.com\/wp-content\/uploads\/2021\/06\/sani-k-buyuk-scaled.jpg 2560w, https:\/\/www.sankovakif.com\/wp-content\/uploads\/2021\/06\/sani-k-buyuk-300x213.jpg 300w, https:\/\/www.sankovakif.com\/wp-content\/uploads\/2021\/06\/sani-k-buyuk-1024x725.jpg 1024w, https:\/\/www.sankovakif.com\/wp-content\/uploads\/2021\/06\/sani-k-buyuk-768x544.jpg 768w, https:\/\/www.sankovakif.com\/wp-content\/uploads\/2021\/06\/sani-k-buyuk-1536x1088.jpg 1536w, https:\/\/www.sankovakif.com\/wp-content\/uploads\/2021\/06\/sani-k-buyuk-2048x1451.jpg 2048w, https:\/\/www.sankovakif.com\/wp-content\/uploads\/2021\/06\/sani-k-buyuk-700x496.jpg 700w\" sizes=\"(max-width: 2560px) 100vw, 2560px\" \/>\t\t\t\t\t\t\t\t\t\t\t\t\t<\/div>\n\t\t\t\t<\/div>\n\t\t\t\t<div class=\"elementor-element elementor-element-f784494 elementor-widget elementor-widget-text-editor\" data-id=\"f784494\" data-element_type=\"widget\" data-widget_type=\"text-editor.default\">\n\t\t\t\t<div class=\"elementor-widget-container\">\n\t\t\t\t\t\t\t<p>Born in Gaziantep in 1929, he started his career in weaving with a single loom, after graduating from the primary school. In 1947, he had a winding machine with 24 compartments made domestically and brought the first winding machine of such capacity to Gaziantep.<\/p><p> <\/p><p>He blazed the trail in transforming hand looms into power looms in Gaziantep. Konukoglu established the plant for hydrophilic cotton in 1962 and the plant for cotton yarn with a capacity of 1500 spindles in 1963. Konukoglu established \u201cHilal Kolektif Sirketi\u201d in 1966. He put into service the yarn plant in 1974. The company title was changed to &#8220;SANKO Tekstil Sanayi ve Ticaret A.S.&#8221; in 1977, inspired by the name of Sani Konukoglu.<\/p><p>Currently employing almost 15 thousand people, SANKO Holding operates in 11 different sectors, including textile, energy, cement and construction, packaging, health-care, education, shopping malls, informatics and finance.<\/p><p> <\/p><p>Sani Konukoglu founded Gaziantep Chamber of Industry with other industrialists, on August 15, 1989. He paved the way for establishment of the Sani Konukoglu Foundation on October 11, 1989 to organize the social services offered by SANKO.<\/p><p> <\/p><p>Sani Konukoglu was a moderate, modest, visionary and social person, who rapidly recognized innovations, sought advice of others, took helping those around him as his duty, and loved nature, and died of heart condition on January 16, 1994.<\/p><p> <\/p><p>The late Sani Konukoglu was honoured with the &#8220;Order and Certificate of Merit&#8221; in accordance with the Decree of the Council of Ministers, dated October 27, 1997 and numbered 30, for his social services during his lifetime. Abdulkadir Konukoglu, the Chairman of the Board of Directors of SANKO Holding, received the merit and the certificate on October 27, 1997, by President Suleyman Demirel, at a ceremony held at Cankaya Mansion.<\/p>\t\t\t\t\t\t<\/div>\n\t\t\t\t<\/div>\n\t\t\t\t\t<\/div>\n\t\t<\/div>\n\t\t\t\t\t<\/div>\n\t\t<\/section>\n\t\t\t\t<\/div>\n\t\t","protected":false},"excerpt":{"rendered":"<p>FOUNDER OF OUR FOUNDATION Sani Konuko\u011flu Born in Gaziantep in 1929, he started his career in weaving with a single loom, after graduating from the primary school. In 1947, he had a winding machine with 24 compartments made domestically and brought the first winding machine&#8230;<\/p>\n","protected":false},"author":1,"featured_media":0,"parent":4198,"menu_order":0,"comment_status":"closed","ping_status":"closed","template":"full_width.php","meta":{"_mi_skip_tracking":false,"_monsterinsights_sitenote_active":false,"_monsterinsights_sitenote_note":"","_monsterinsights_sitenote_category":0,"footnotes":""},"class_list":["post-4192","page","type-page","status-publish","hentry"],"acf":[],"yoast_head":"<!-- This site is optimized with the Yoast SEO plugin v20.9 - https:\/\/yoast.com\/wordpress\/plugins\/seo\/ -->\n<title>Sani Konuko\u011flu &bull; Sani Konuko\u011flu Vakf\u0131<\/title>\n<meta name=\"description\" content=\"Born in Gaziantep in 1929, he started his career in weaving with a single loom, after graduating from the primary school. In 1947, he had a winding machine with 24 compartments made domestically and brought the first winding machine of such capacity to Gaziantep.\" \/>\n<meta name=\"robots\" content=\"index, follow, max-snippet:-1, max-image-preview:large, max-video-preview:-1\" \/>\n<link rel=\"canonical\" href=\"https:\/\/www.sankovakif.com\/en\/about-us\/sani-konukoglu\/\" \/>\n<meta property=\"og:locale\" content=\"en_US\" \/>\n<meta property=\"og:type\" content=\"article\" \/>\n<meta property=\"og:title\" content=\"Sani Konuko\u011flu &bull; Sani Konuko\u011flu Vakf\u0131\" \/>\n<meta property=\"og:description\" content=\"Born in Gaziantep in 1929, he started his career in weaving with a single loom, after graduating from the primary school. In 1947, he had a winding machine with 24 compartments made domestically and brought the first winding machine of such capacity to Gaziantep.\" \/>\n<meta property=\"og:url\" content=\"https:\/\/www.sankovakif.com\/en\/about-us\/sani-konukoglu\/\" \/>\n<meta property=\"og:site_name\" content=\"Sani Konuko\u011flu Vakf\u0131\" \/>\n<meta property=\"article:publisher\" content=\"https:\/\/www.facebook.com\/SaniKonukogluVakfi\" \/>\n<meta property=\"article:modified_time\" content=\"2022-10-10T09:55:21+00:00\" \/>\n<meta property=\"og:image\" content=\"https:\/\/www.sankovakif.com\/wp-content\/uploads\/2021\/06\/sani-k-buyuk-scaled.jpg\" \/>\n<meta name=\"twitter:card\" content=\"summary_large_image\" \/>\n<meta name=\"twitter:site\" content=\"@sankovakif\" \/>\n<meta name=\"twitter:label1\" content=\"Est. reading time\" \/>\n\t<meta name=\"twitter:data1\" content=\"1 minute\" \/>\n<script type=\"application\/ld+json\" class=\"yoast-schema-graph\">{\"@context\":\"https:\/\/schema.org\",\"@graph\":[{\"@type\":\"WebPage\",\"@id\":\"https:\/\/www.sankovakif.com\/en\/about-us\/sani-konukoglu\/\",\"url\":\"https:\/\/www.sankovakif.com\/en\/about-us\/sani-konukoglu\/\",\"name\":\"Sani Konuko\u011flu &bull; Sani Konuko\u011flu Vakf\u0131\",\"isPartOf\":{\"@id\":\"https:\/\/www.sankovakif.com\/en\/#website\"},\"datePublished\":\"2021-11-12T15:24:01+00:00\",\"dateModified\":\"2022-10-10T09:55:21+00:00\",\"description\":\"Born in Gaziantep in 1929, he started his career in weaving with a single loom, after graduating from the primary school. In 1947, he had a winding machine with 24 compartments made domestically and brought the first winding machine of such capacity to Gaziantep.\",\"breadcrumb\":{\"@id\":\"https:\/\/www.sankovakif.com\/en\/about-us\/sani-konukoglu\/#breadcrumb\"},\"inLanguage\":\"en-US\",\"potentialAction\":[{\"@type\":\"ReadAction\",\"target\":[\"https:\/\/www.sankovakif.com\/en\/about-us\/sani-konukoglu\/\"]}]},{\"@type\":\"BreadcrumbList\",\"@id\":\"https:\/\/www.sankovakif.com\/en\/about-us\/sani-konukoglu\/#breadcrumb\",\"itemListElement\":[{\"@type\":\"ListItem\",\"position\":1,\"name\":\"Home\",\"item\":\"https:\/\/www.sankovakif.com\/en\/\"},{\"@type\":\"ListItem\",\"position\":2,\"name\":\"About Us\",\"item\":\"https:\/\/www.sankovakif.com\/en\/hakkimizda\/\"},{\"@type\":\"ListItem\",\"position\":3,\"name\":\"Sani Konuko\u011flu\"}]},{\"@type\":\"WebSite\",\"@id\":\"https:\/\/www.sankovakif.com\/en\/#website\",\"url\":\"https:\/\/www.sankovakif.com\/en\/\",\"name\":\"Sani Konuko\u011flu Vakf\u0131\",\"description\":\"Payla\u015fmak Mutluluktur\",\"publisher\":{\"@id\":\"https:\/\/www.sankovakif.com\/en\/#organization\"},\"potentialAction\":[{\"@type\":\"SearchAction\",\"target\":{\"@type\":\"EntryPoint\",\"urlTemplate\":\"https:\/\/www.sankovakif.com\/en\/?s={search_term_string}\"},\"query-input\":\"required name=search_term_string\"}],\"inLanguage\":\"en-US\"},{\"@type\":\"Organization\",\"@id\":\"https:\/\/www.sankovakif.com\/en\/#organization\",\"name\":\"Sani Konuko\u011flu Foundation\",\"url\":\"https:\/\/www.sankovakif.com\/en\/\",\"logo\":{\"@type\":\"ImageObject\",\"inLanguage\":\"en-US\",\"@id\":\"https:\/\/www.sankovakif.com\/en\/#\/schema\/logo\/image\/\",\"url\":\"https:\/\/www.sankovakif.com\/wp-content\/uploads\/2022\/03\/sanko-yeni-logo-son.png\",\"contentUrl\":\"https:\/\/www.sankovakif.com\/wp-content\/uploads\/2022\/03\/sanko-yeni-logo-son.png\",\"width\":400,\"height\":127,\"caption\":\"Sani Konuko\u011flu Foundation\"},\"image\":{\"@id\":\"https:\/\/www.sankovakif.com\/en\/#\/schema\/logo\/image\/\"},\"sameAs\":[\"https:\/\/www.facebook.com\/SaniKonukogluVakfi\",\"https:\/\/twitter.com\/sankovakif\",\"https:\/\/www.instagram.com\/sanikonukogluvakfi\/\"]}]}<\/script>\n<!-- \/ Yoast SEO plugin. -->","yoast_head_json":{"title":"Sani Konuko\u011flu &bull; Sani Konuko\u011flu Vakf\u0131","description":"Born in Gaziantep in 1929, he started his career in weaving with a single loom, after graduating from the primary school. In 1947, he had a winding machine with 24 compartments made domestically and brought the first winding machine of such capacity to Gaziantep.","robots":{"index":"index","follow":"follow","max-snippet":"max-snippet:-1","max-image-preview":"max-image-preview:large","max-video-preview":"max-video-preview:-1"},"canonical":"https:\/\/www.sankovakif.com\/en\/about-us\/sani-konukoglu\/","og_locale":"en_US","og_type":"article","og_title":"Sani Konuko\u011flu &bull; Sani Konuko\u011flu Vakf\u0131","og_description":"Born in Gaziantep in 1929, he started his career in weaving with a single loom, after graduating from the primary school. In 1947, he had a winding machine with 24 compartments made domestically and brought the first winding machine of such capacity to Gaziantep.","og_url":"https:\/\/www.sankovakif.com\/en\/about-us\/sani-konukoglu\/","og_site_name":"Sani Konuko\u011flu Vakf\u0131","article_publisher":"https:\/\/www.facebook.com\/SaniKonukogluVakfi","article_modified_time":"2022-10-10T09:55:21+00:00","og_image":[{"url":"https:\/\/www.sankovakif.com\/wp-content\/uploads\/2021\/06\/sani-k-buyuk-scaled.jpg"}],"twitter_card":"summary_large_image","twitter_site":"@sankovakif","twitter_misc":{"Est. reading time":"1 minute"},"schema":{"@context":"https:\/\/schema.org","@graph":[{"@type":"WebPage","@id":"https:\/\/www.sankovakif.com\/en\/about-us\/sani-konukoglu\/","url":"https:\/\/www.sankovakif.com\/en\/about-us\/sani-konukoglu\/","name":"Sani Konuko\u011flu &bull; Sani Konuko\u011flu Vakf\u0131","isPartOf":{"@id":"https:\/\/www.sankovakif.com\/en\/#website"},"datePublished":"2021-11-12T15:24:01+00:00","dateModified":"2022-10-10T09:55:21+00:00","description":"Born in Gaziantep in 1929, he started his career in weaving with a single loom, after graduating from the primary school. In 1947, he had a winding machine with 24 compartments made domestically and brought the first winding machine of such capacity to Gaziantep.","breadcrumb":{"@id":"https:\/\/www.sankovakif.com\/en\/about-us\/sani-konukoglu\/#breadcrumb"},"inLanguage":"en-US","potentialAction":[{"@type":"ReadAction","target":["https:\/\/www.sankovakif.com\/en\/about-us\/sani-konukoglu\/"]}]},{"@type":"BreadcrumbList","@id":"https:\/\/www.sankovakif.com\/en\/about-us\/sani-konukoglu\/#breadcrumb","itemListElement":[{"@type":"ListItem","position":1,"name":"Home","item":"https:\/\/www.sankovakif.com\/en\/"},{"@type":"ListItem","position":2,"name":"About Us","item":"https:\/\/www.sankovakif.com\/en\/hakkimizda\/"},{"@type":"ListItem","position":3,"name":"Sani Konuko\u011flu"}]},{"@type":"WebSite","@id":"https:\/\/www.sankovakif.com\/en\/#website","url":"https:\/\/www.sankovakif.com\/en\/","name":"Sani Konuko\u011flu Vakf\u0131","description":"Payla\u015fmak Mutluluktur","publisher":{"@id":"https:\/\/www.sankovakif.com\/en\/#organization"},"potentialAction":[{"@type":"SearchAction","target":{"@type":"EntryPoint","urlTemplate":"https:\/\/www.sankovakif.com\/en\/?s={search_term_string}"},"query-input":"required name=search_term_string"}],"inLanguage":"en-US"},{"@type":"Organization","@id":"https:\/\/www.sankovakif.com\/en\/#organization","name":"Sani Konuko\u011flu Foundation","url":"https:\/\/www.sankovakif.com\/en\/","logo":{"@type":"ImageObject","inLanguage":"en-US","@id":"https:\/\/www.sankovakif.com\/en\/#\/schema\/logo\/image\/","url":"https:\/\/www.sankovakif.com\/wp-content\/uploads\/2022\/03\/sanko-yeni-logo-son.png","contentUrl":"https:\/\/www.sankovakif.com\/wp-content\/uploads\/2022\/03\/sanko-yeni-logo-son.png","width":400,"height":127,"caption":"Sani Konuko\u011flu Foundation"},"image":{"@id":"https:\/\/www.sankovakif.com\/en\/#\/schema\/logo\/image\/"},"sameAs":["https:\/\/www.facebook.com\/SaniKonukogluVakfi","https:\/\/twitter.com\/sankovakif","https:\/\/www.instagram.com\/sanikonukogluvakfi\/"]}]}},"_links":{"self":[{"href":"https:\/\/www.sankovakif.com\/en\/wp-json\/wp\/v2\/pages\/4192","targetHints":{"allow":["GET"]}}],"collection":[{"href":"https:\/\/www.sankovakif.com\/en\/wp-json\/wp\/v2\/pages"}],"about":[{"href":"https:\/\/www.sankovakif.com\/en\/wp-json\/wp\/v2\/types\/page"}],"author":[{"embeddable":true,"href":"https:\/\/www.sankovakif.com\/en\/wp-json\/wp\/v2\/users\/1"}],"replies":[{"embeddable":true,"href":"https:\/\/www.sankovakif.com\/en\/wp-json\/wp\/v2\/comments?post=4192"}],"version-history":[{"count":3,"href":"https:\/\/www.sankovakif.com\/en\/wp-json\/wp\/v2\/pages\/4192\/revisions"}],"predecessor-version":[{"id":4305,"href":"https:\/\/www.sankovakif.com\/en\/wp-json\/wp\/v2\/pages\/4192\/revisions\/4305"}],"up":[{"embeddable":true,"href":"https:\/\/www.sankovakif.com\/en\/wp-json\/wp\/v2\/pages\/4198"}],"wp:attachment":[{"href":"https:\/\/www.sankovakif.com\/en\/wp-json\/wp\/v2\/media?parent=4192"}],"curies":[{"name":"wp","href":"https:\/\/api.w.org\/{rel}","templated":true}]}}