{"id":4190,"date":"2022-03-12T09:12:39","date_gmt":"2022-03-12T06:12:39","guid":{"rendered":"https:\/\/www.sankovakif.com\/history\/"},"modified":"2022-08-27T14:52:46","modified_gmt":"2022-08-27T11:52:46","slug":"history","status":"publish","type":"page","link":"https:\/\/www.sankovakif.com\/en\/about-us\/history\/","title":{"rendered":"History"},"content":{"rendered":"\t\t<div data-elementor-type=\"wp-page\" data-elementor-id=\"4190\" class=\"elementor elementor-4190 elementor-2813\" data-elementor-post-type=\"page\">\n\t\t\t\t\t\t<section data-particle_enable=\"false\" data-particle-mobile-disabled=\"false\" class=\"elementor-section elementor-top-section elementor-element elementor-element-b0c38a7 elementor-section-full_width qode_elementor_container_inner elementor-section-height-default elementor-section-height-default parallax_section_no\" data-id=\"b0c38a7\" data-element_type=\"section\">\n\t\t\t\t\t\t<div class=\"elementor-container elementor-column-gap-no\">\n\t\t\t\t\t<div class=\"elementor-column elementor-col-100 elementor-top-column elementor-element elementor-element-a8111c3\" data-id=\"a8111c3\" data-element_type=\"column\">\n\t\t\t<div class=\"elementor-widget-wrap elementor-element-populated\">\n\t\t\t\t\t\t<div class=\"elementor-element elementor-element-2a2188b elementor-widget-divider--view-line_text elementor-widget-divider--element-align-center elementor-invisible elementor-widget elementor-widget-divider\" data-id=\"2a2188b\" data-element_type=\"widget\" data-settings=\"{&quot;_animation&quot;:&quot;fadeInDown&quot;}\" data-widget_type=\"divider.default\">\n\t\t\t\t<div class=\"elementor-widget-container\">\n\t\t\t\t\t<div class=\"elementor-divider\">\n\t\t\t<span class=\"elementor-divider-separator\">\n\t\t\t\t\t\t\t<span class=\"elementor-divider__text elementor-divider__element\">\n\t\t\t\tSAN\u0130 KONUKO\u011eLU FOUNDATION\t\t\t\t<\/span>\n\t\t\t\t\t\t<\/span>\n\t\t<\/div>\n\t\t\t\t<\/div>\n\t\t\t\t<\/div>\n\t\t\t\t<div class=\"elementor-element elementor-element-b2af236 elementor-invisible elementor-widget elementor-widget-text-editor\" data-id=\"b2af236\" data-element_type=\"widget\" data-settings=\"{&quot;_animation&quot;:&quot;fadeInDown&quot;}\" data-widget_type=\"text-editor.default\">\n\t\t\t\t<div class=\"elementor-widget-container\">\n\t\t\t\t\t\t\t<h2>HISTORY<\/h2>\t\t\t\t\t\t<\/div>\n\t\t\t\t<\/div>\n\t\t\t\t<section data-particle_enable=\"false\" data-particle-mobile-disabled=\"false\" class=\"elementor-section elementor-inner-section elementor-element elementor-element-bdd7583 elementor-section-boxed elementor-section-height-default elementor-section-height-default parallax_section_no qode_elementor_container_no\" data-id=\"bdd7583\" data-element_type=\"section\" id=\"tarihce\">\n\t\t\t\t\t\t<div class=\"elementor-container elementor-column-gap-default\">\n\t\t\t\t\t<div class=\"elementor-column elementor-col-100 elementor-inner-column elementor-element elementor-element-88a1384\" data-id=\"88a1384\" data-element_type=\"column\">\n\t\t\t<div class=\"elementor-widget-wrap elementor-element-populated\">\n\t\t\t\t\t\t<div class=\"elementor-element elementor-element-967ae4b elementor-invisible elementor-widget elementor-widget-heading\" data-id=\"967ae4b\" data-element_type=\"widget\" data-settings=\"{&quot;_animation&quot;:&quot;fadeInDown&quot;}\" data-widget_type=\"heading.default\">\n\t\t\t\t<div class=\"elementor-widget-container\">\n\t\t\t<h2 class=\"elementor-heading-title elementor-size-default\">Adopting the life philosophy of Sani Konukoglu, which is \"Sharing is Happiness\", the Sani Konukoglu Foundation was established in 1989 in order to execute the works of the Konukoglu Family and SANKO Holding for the society in the fields of education, health and culture, being the most fundamental requirements of life, with sustainable models and to have the best for our country.\n<br><br>\n\nProgressively continuing its services in the fields of education and health according to the Foundation's Charter, Sani Konukoglu Foundation was granted tax exemption by the Council of Ministers Decree numbered 95\/7663 and dated December 20, 1995.\n<br><br>\nThe income of the Foundation, which was established by the members of the Konukoglu Family; the late Sani Konukoglu, Abdulkadir Konukoglu, Zekeriye Konukoglu, Adil Sani Konukoglu, Fatih Konukoglu, Hakan Konukoglu, and some companies within SANKO Holding, is largely provided as donations from the founding members and companies within SANKO Holding.<\/h2>\t\t<\/div>\n\t\t\t\t<\/div>\n\t\t\t\t\t<\/div>\n\t\t<\/div>\n\t\t\t\t\t<\/div>\n\t\t<\/section>\n\t\t\t\t<section data-particle_enable=\"false\" data-particle-mobile-disabled=\"false\" class=\"elementor-section elementor-inner-section elementor-element elementor-element-9921497 elementor-section-boxed elementor-section-height-default elementor-section-height-default parallax_section_no qode_elementor_container_no\" data-id=\"9921497\" data-element_type=\"section\">\n\t\t\t\t\t\t<div class=\"elementor-container elementor-column-gap-default\">\n\t\t\t\t\t<div class=\"elementor-column elementor-col-100 elementor-inner-column elementor-element elementor-element-8487973\" data-id=\"8487973\" data-element_type=\"column\">\n\t\t\t<div class=\"elementor-widget-wrap\">\n\t\t\t\t\t\t\t<\/div>\n\t\t<\/div>\n\t\t\t\t\t<\/div>\n\t\t<\/section>\n\t\t\t\t\t<\/div>\n\t\t<\/div>\n\t\t\t\t\t<\/div>\n\t\t<\/section>\n\t\t\t\t<\/div>\n\t\t","protected":false},"excerpt":{"rendered":"<p>SAN\u0130 KONUKO\u011eLU FOUNDATION HISTORY Adopting the life philosophy of Sani Konukoglu, which is &#8220;Sharing is Happiness&#8221;, the Sani Konukoglu Foundation was established in 1989 in order to execute the works of the Konukoglu Family and SANKO Holding for the society in the fields of education,&#8230;<\/p>\n","protected":false},"author":1,"featured_media":0,"parent":4198,"menu_order":0,"comment_status":"closed","ping_status":"closed","template":"full_width.php","meta":{"_mi_skip_tracking":false,"_monsterinsights_sitenote_active":false,"_monsterinsights_sitenote_note":"","_monsterinsights_sitenote_category":0,"footnotes":""},"class_list":["post-4190","page","type-page","status-publish","hentry"],"acf":[],"yoast_head":"<!-- This site is optimized with the Yoast SEO plugin v20.9 - https:\/\/yoast.com\/wordpress\/plugins\/seo\/ -->\n<title>History &bull; Sani Konuko\u011flu Vakf\u0131<\/title>\n<meta name=\"description\" content=\"Discover the history of the SANKO Foundation.\" \/>\n<meta name=\"robots\" content=\"index, follow, max-snippet:-1, max-image-preview:large, max-video-preview:-1\" \/>\n<link rel=\"canonical\" href=\"https:\/\/www.sankovakif.com\/en\/about-us\/history\/\" \/>\n<meta property=\"og:locale\" content=\"en_US\" \/>\n<meta property=\"og:type\" content=\"article\" \/>\n<meta property=\"og:title\" content=\"History &bull; Sani Konuko\u011flu Vakf\u0131\" \/>\n<meta property=\"og:description\" content=\"Discover the history of the SANKO Foundation.\" \/>\n<meta property=\"og:url\" content=\"https:\/\/www.sankovakif.com\/en\/about-us\/history\/\" \/>\n<meta property=\"og:site_name\" content=\"Sani Konuko\u011flu Vakf\u0131\" \/>\n<meta property=\"article:publisher\" content=\"https:\/\/www.facebook.com\/SaniKonukogluVakfi\" \/>\n<meta property=\"article:modified_time\" content=\"2022-08-27T11:52:46+00:00\" \/>\n<meta name=\"twitter:card\" content=\"summary_large_image\" \/>\n<meta name=\"twitter:site\" content=\"@sankovakif\" \/>\n<meta name=\"twitter:label1\" content=\"Est. reading time\" \/>\n\t<meta name=\"twitter:data1\" content=\"3 minutes\" \/>\n<script type=\"application\/ld+json\" class=\"yoast-schema-graph\">{\"@context\":\"https:\/\/schema.org\",\"@graph\":[{\"@type\":\"WebPage\",\"@id\":\"https:\/\/www.sankovakif.com\/en\/about-us\/history\/\",\"url\":\"https:\/\/www.sankovakif.com\/en\/about-us\/history\/\",\"name\":\"History &bull; Sani Konuko\u011flu Vakf\u0131\",\"isPartOf\":{\"@id\":\"https:\/\/www.sankovakif.com\/en\/#website\"},\"datePublished\":\"2022-03-12T06:12:39+00:00\",\"dateModified\":\"2022-08-27T11:52:46+00:00\",\"description\":\"Discover the history of the SANKO Foundation.\",\"breadcrumb\":{\"@id\":\"https:\/\/www.sankovakif.com\/en\/about-us\/history\/#breadcrumb\"},\"inLanguage\":\"en-US\",\"potentialAction\":[{\"@type\":\"ReadAction\",\"target\":[\"https:\/\/www.sankovakif.com\/en\/about-us\/history\/\"]}]},{\"@type\":\"BreadcrumbList\",\"@id\":\"https:\/\/www.sankovakif.com\/en\/about-us\/history\/#breadcrumb\",\"itemListElement\":[{\"@type\":\"ListItem\",\"position\":1,\"name\":\"Home\",\"item\":\"https:\/\/www.sankovakif.com\/en\/\"},{\"@type\":\"ListItem\",\"position\":2,\"name\":\"About Us\",\"item\":\"https:\/\/www.sankovakif.com\/en\/hakkimizda\/\"},{\"@type\":\"ListItem\",\"position\":3,\"name\":\"History\"}]},{\"@type\":\"WebSite\",\"@id\":\"https:\/\/www.sankovakif.com\/en\/#website\",\"url\":\"https:\/\/www.sankovakif.com\/en\/\",\"name\":\"Sani Konuko\u011flu Vakf\u0131\",\"description\":\"Payla\u015fmak Mutluluktur\",\"publisher\":{\"@id\":\"https:\/\/www.sankovakif.com\/en\/#organization\"},\"potentialAction\":[{\"@type\":\"SearchAction\",\"target\":{\"@type\":\"EntryPoint\",\"urlTemplate\":\"https:\/\/www.sankovakif.com\/en\/?s={search_term_string}\"},\"query-input\":\"required name=search_term_string\"}],\"inLanguage\":\"en-US\"},{\"@type\":\"Organization\",\"@id\":\"https:\/\/www.sankovakif.com\/en\/#organization\",\"name\":\"Sani Konuko\u011flu Foundation\",\"url\":\"https:\/\/www.sankovakif.com\/en\/\",\"logo\":{\"@type\":\"ImageObject\",\"inLanguage\":\"en-US\",\"@id\":\"https:\/\/www.sankovakif.com\/en\/#\/schema\/logo\/image\/\",\"url\":\"https:\/\/www.sankovakif.com\/wp-content\/uploads\/2022\/03\/sanko-yeni-logo-son.png\",\"contentUrl\":\"https:\/\/www.sankovakif.com\/wp-content\/uploads\/2022\/03\/sanko-yeni-logo-son.png\",\"width\":400,\"height\":127,\"caption\":\"Sani Konuko\u011flu Foundation\"},\"image\":{\"@id\":\"https:\/\/www.sankovakif.com\/en\/#\/schema\/logo\/image\/\"},\"sameAs\":[\"https:\/\/www.facebook.com\/SaniKonukogluVakfi\",\"https:\/\/twitter.com\/sankovakif\",\"https:\/\/www.instagram.com\/sanikonukogluvakfi\/\"]}]}<\/script>\n<!-- \/ Yoast SEO plugin. -->","yoast_head_json":{"title":"History &bull; Sani Konuko\u011flu Vakf\u0131","description":"Discover the history of the SANKO Foundation.","robots":{"index":"index","follow":"follow","max-snippet":"max-snippet:-1","max-image-preview":"max-image-preview:large","max-video-preview":"max-video-preview:-1"},"canonical":"https:\/\/www.sankovakif.com\/en\/about-us\/history\/","og_locale":"en_US","og_type":"article","og_title":"History &bull; Sani Konuko\u011flu Vakf\u0131","og_description":"Discover the history of the SANKO Foundation.","og_url":"https:\/\/www.sankovakif.com\/en\/about-us\/history\/","og_site_name":"Sani Konuko\u011flu Vakf\u0131","article_publisher":"https:\/\/www.facebook.com\/SaniKonukogluVakfi","article_modified_time":"2022-08-27T11:52:46+00:00","twitter_card":"summary_large_image","twitter_site":"@sankovakif","twitter_misc":{"Est. reading time":"3 minutes"},"schema":{"@context":"https:\/\/schema.org","@graph":[{"@type":"WebPage","@id":"https:\/\/www.sankovakif.com\/en\/about-us\/history\/","url":"https:\/\/www.sankovakif.com\/en\/about-us\/history\/","name":"History &bull; Sani Konuko\u011flu Vakf\u0131","isPartOf":{"@id":"https:\/\/www.sankovakif.com\/en\/#website"},"datePublished":"2022-03-12T06:12:39+00:00","dateModified":"2022-08-27T11:52:46+00:00","description":"Discover the history of the SANKO Foundation.","breadcrumb":{"@id":"https:\/\/www.sankovakif.com\/en\/about-us\/history\/#breadcrumb"},"inLanguage":"en-US","potentialAction":[{"@type":"ReadAction","target":["https:\/\/www.sankovakif.com\/en\/about-us\/history\/"]}]},{"@type":"BreadcrumbList","@id":"https:\/\/www.sankovakif.com\/en\/about-us\/history\/#breadcrumb","itemListElement":[{"@type":"ListItem","position":1,"name":"Home","item":"https:\/\/www.sankovakif.com\/en\/"},{"@type":"ListItem","position":2,"name":"About Us","item":"https:\/\/www.sankovakif.com\/en\/hakkimizda\/"},{"@type":"ListItem","position":3,"name":"History"}]},{"@type":"WebSite","@id":"https:\/\/www.sankovakif.com\/en\/#website","url":"https:\/\/www.sankovakif.com\/en\/","name":"Sani Konuko\u011flu Vakf\u0131","description":"Payla\u015fmak Mutluluktur","publisher":{"@id":"https:\/\/www.sankovakif.com\/en\/#organization"},"potentialAction":[{"@type":"SearchAction","target":{"@type":"EntryPoint","urlTemplate":"https:\/\/www.sankovakif.com\/en\/?s={search_term_string}"},"query-input":"required name=search_term_string"}],"inLanguage":"en-US"},{"@type":"Organization","@id":"https:\/\/www.sankovakif.com\/en\/#organization","name":"Sani Konuko\u011flu Foundation","url":"https:\/\/www.sankovakif.com\/en\/","logo":{"@type":"ImageObject","inLanguage":"en-US","@id":"https:\/\/www.sankovakif.com\/en\/#\/schema\/logo\/image\/","url":"https:\/\/www.sankovakif.com\/wp-content\/uploads\/2022\/03\/sanko-yeni-logo-son.png","contentUrl":"https:\/\/www.sankovakif.com\/wp-content\/uploads\/2022\/03\/sanko-yeni-logo-son.png","width":400,"height":127,"caption":"Sani Konuko\u011flu Foundation"},"image":{"@id":"https:\/\/www.sankovakif.com\/en\/#\/schema\/logo\/image\/"},"sameAs":["https:\/\/www.facebook.com\/SaniKonukogluVakfi","https:\/\/twitter.com\/sankovakif","https:\/\/www.instagram.com\/sanikonukogluvakfi\/"]}]}},"_links":{"self":[{"href":"https:\/\/www.sankovakif.com\/en\/wp-json\/wp\/v2\/pages\/4190","targetHints":{"allow":["GET"]}}],"collection":[{"href":"https:\/\/www.sankovakif.com\/en\/wp-json\/wp\/v2\/pages"}],"about":[{"href":"https:\/\/www.sankovakif.com\/en\/wp-json\/wp\/v2\/types\/page"}],"author":[{"embeddable":true,"href":"https:\/\/www.sankovakif.com\/en\/wp-json\/wp\/v2\/users\/1"}],"replies":[{"embeddable":true,"href":"https:\/\/www.sankovakif.com\/en\/wp-json\/wp\/v2\/comments?post=4190"}],"version-history":[{"count":1,"href":"https:\/\/www.sankovakif.com\/en\/wp-json\/wp\/v2\/pages\/4190\/revisions"}],"predecessor-version":[{"id":4191,"href":"https:\/\/www.sankovakif.com\/en\/wp-json\/wp\/v2\/pages\/4190\/revisions\/4191"}],"up":[{"embeddable":true,"href":"https:\/\/www.sankovakif.com\/en\/wp-json\/wp\/v2\/pages\/4198"}],"wp:attachment":[{"href":"https:\/\/www.sankovakif.com\/en\/wp-json\/wp\/v2\/media?parent=4190"}],"curies":[{"name":"wp","href":"https:\/\/api.w.org\/{rel}","templated":true}]}}