{"id":4188,"date":"2022-01-22T21:21:55","date_gmt":"2022-01-22T18:21:55","guid":{"rendered":"https:\/\/www.sankovakif.com\/announcements\/"},"modified":"2022-08-27T14:48:04","modified_gmt":"2022-08-27T11:48:04","slug":"announcements","status":"publish","type":"page","link":"https:\/\/www.sankovakif.com\/en\/announcements\/","title":{"rendered":"Announcements"},"content":{"rendered":"\t\t<div data-elementor-type=\"wp-page\" data-elementor-id=\"4188\" class=\"elementor elementor-4188 elementor-2567\" data-elementor-post-type=\"page\">\n\t\t\t\t\t\t<section data-particle_enable=\"false\" data-particle-mobile-disabled=\"false\" class=\"elementor-section elementor-top-section elementor-element elementor-element-b0c38a7 elementor-section-full_width qode_elementor_container_inner elementor-section-height-default elementor-section-height-default parallax_section_no\" data-id=\"b0c38a7\" data-element_type=\"section\">\n\t\t\t\t\t\t<div class=\"elementor-container elementor-column-gap-no\">\n\t\t\t\t\t<div class=\"elementor-column elementor-col-100 elementor-top-column elementor-element elementor-element-a8111c3\" data-id=\"a8111c3\" data-element_type=\"column\">\n\t\t\t<div class=\"elementor-widget-wrap elementor-element-populated\">\n\t\t\t\t\t\t<div class=\"elementor-element elementor-element-b2af236 elementor-invisible elementor-widget elementor-widget-text-editor\" data-id=\"b2af236\" data-element_type=\"widget\" data-settings=\"{&quot;_animation&quot;:&quot;fadeInDown&quot;}\" data-widget_type=\"text-editor.default\">\n\t\t\t\t<div class=\"elementor-widget-container\">\n\t\t\t\t\t\t\t<h2>ANNOUNCEMENTS<\/h2>\t\t\t\t\t\t<\/div>\n\t\t\t\t<\/div>\n\t\t\t\t\t<\/div>\n\t\t<\/div>\n\t\t\t\t\t<\/div>\n\t\t<\/section>\n\t\t\t\t<section data-particle_enable=\"false\" data-particle-mobile-disabled=\"false\" class=\"elementor-section elementor-top-section elementor-element elementor-element-9e4c54b elementor-section-boxed elementor-section-height-default elementor-section-height-default parallax_section_no qode_elementor_container_no elementor-invisible\" data-id=\"9e4c54b\" data-element_type=\"section\" data-settings=\"{&quot;animation&quot;:&quot;fadeIn&quot;}\">\n\t\t\t\t\t\t<div class=\"elementor-container elementor-column-gap-default\">\n\t\t\t\t\t<div class=\"elementor-column elementor-col-100 elementor-top-column elementor-element elementor-element-16a0e9f\" data-id=\"16a0e9f\" data-element_type=\"column\">\n\t\t\t<div class=\"elementor-widget-wrap elementor-element-populated\">\n\t\t\t\t\t\t<div class=\"elementor-element elementor-element-65412e8 dce-posts-layout-left dce-col-1 dce-align-center dce-col-tablet-3 dce-col-mobile-1 elementor-widget elementor-widget-dce-dynamicposts-v2\" data-id=\"65412e8\" data-element_type=\"widget\" data-settings=\"{&quot;style_items&quot;:&quot;left&quot;,&quot;grid_grid_type&quot;:&quot;flex&quot;}\" data-widget_type=\"dce-dynamicposts-v2.grid\">\n\t\t\t\t<div class=\"elementor-widget-container\">\n\t\t\t\t\t<div class=\"dce-posts-container dce-posts \">\n\t\t\t<div class=\"dce-posts-fallback\">\n\t\t\t\t<p>No results found.<\/p>\t\t\t<\/div>\n\t\t<\/div>\n\t\t\t\t<\/div>\n\t\t\t\t<\/div>\n\t\t\t\t\t<\/div>\n\t\t<\/div>\n\t\t\t\t\t<\/div>\n\t\t<\/section>\n\t\t\t\t<\/div>\n\t\t","protected":false},"excerpt":{"rendered":"<p>ANNOUNCEMENTS 2022 Burs Ba\u015fvuru Takvimi a\u00e7\u0131kland\u0131 22 Ocak 2022 Details<\/p>\n","protected":false},"author":1,"featured_media":0,"parent":0,"menu_order":0,"comment_status":"closed","ping_status":"closed","template":"full_width.php","meta":{"_mi_skip_tracking":false,"_monsterinsights_sitenote_active":false,"_monsterinsights_sitenote_note":"","_monsterinsights_sitenote_category":0,"footnotes":""},"class_list":["post-4188","page","type-page","status-publish","hentry"],"acf":[],"yoast_head":"<!-- This site is optimized with the Yoast SEO plugin v20.9 - https:\/\/yoast.com\/wordpress\/plugins\/seo\/ -->\n<title>Announcements &bull; Sani Konuko\u011flu Vakf\u0131<\/title>\n<meta name=\"description\" content=\"Announcements by the SANKO Foundation.\" \/>\n<meta name=\"robots\" content=\"index, follow, max-snippet:-1, max-image-preview:large, max-video-preview:-1\" \/>\n<link rel=\"canonical\" href=\"https:\/\/www.sankovakif.com\/en\/announcements\/\" \/>\n<meta property=\"og:locale\" content=\"en_US\" \/>\n<meta property=\"og:type\" content=\"article\" \/>\n<meta property=\"og:title\" content=\"Announcements &bull; Sani Konuko\u011flu Vakf\u0131\" \/>\n<meta property=\"og:description\" content=\"Announcements by the SANKO Foundation.\" \/>\n<meta property=\"og:url\" content=\"https:\/\/www.sankovakif.com\/en\/announcements\/\" \/>\n<meta property=\"og:site_name\" content=\"Sani Konuko\u011flu Vakf\u0131\" \/>\n<meta property=\"article:publisher\" content=\"https:\/\/www.facebook.com\/SaniKonukogluVakfi\" \/>\n<meta property=\"article:modified_time\" content=\"2022-08-27T11:48:04+00:00\" \/>\n<meta name=\"twitter:card\" content=\"summary_large_image\" \/>\n<meta name=\"twitter:site\" content=\"@sankovakif\" \/>\n<script type=\"application\/ld+json\" class=\"yoast-schema-graph\">{\"@context\":\"https:\/\/schema.org\",\"@graph\":[{\"@type\":\"WebPage\",\"@id\":\"https:\/\/www.sankovakif.com\/en\/announcements\/\",\"url\":\"https:\/\/www.sankovakif.com\/en\/announcements\/\",\"name\":\"Announcements &bull; Sani Konuko\u011flu Vakf\u0131\",\"isPartOf\":{\"@id\":\"https:\/\/www.sankovakif.com\/en\/#website\"},\"datePublished\":\"2022-01-22T18:21:55+00:00\",\"dateModified\":\"2022-08-27T11:48:04+00:00\",\"description\":\"Announcements by the SANKO Foundation.\",\"breadcrumb\":{\"@id\":\"https:\/\/www.sankovakif.com\/en\/announcements\/#breadcrumb\"},\"inLanguage\":\"en-US\",\"potentialAction\":[{\"@type\":\"ReadAction\",\"target\":[\"https:\/\/www.sankovakif.com\/en\/announcements\/\"]}]},{\"@type\":\"BreadcrumbList\",\"@id\":\"https:\/\/www.sankovakif.com\/en\/announcements\/#breadcrumb\",\"itemListElement\":[{\"@type\":\"ListItem\",\"position\":1,\"name\":\"Home\",\"item\":\"https:\/\/www.sankovakif.com\/en\/\"},{\"@type\":\"ListItem\",\"position\":2,\"name\":\"Announcements\"}]},{\"@type\":\"WebSite\",\"@id\":\"https:\/\/www.sankovakif.com\/en\/#website\",\"url\":\"https:\/\/www.sankovakif.com\/en\/\",\"name\":\"Sani Konuko\u011flu Vakf\u0131\",\"description\":\"Payla\u015fmak Mutluluktur\",\"publisher\":{\"@id\":\"https:\/\/www.sankovakif.com\/en\/#organization\"},\"potentialAction\":[{\"@type\":\"SearchAction\",\"target\":{\"@type\":\"EntryPoint\",\"urlTemplate\":\"https:\/\/www.sankovakif.com\/en\/?s={search_term_string}\"},\"query-input\":\"required name=search_term_string\"}],\"inLanguage\":\"en-US\"},{\"@type\":\"Organization\",\"@id\":\"https:\/\/www.sankovakif.com\/en\/#organization\",\"name\":\"Sani Konuko\u011flu Foundation\",\"url\":\"https:\/\/www.sankovakif.com\/en\/\",\"logo\":{\"@type\":\"ImageObject\",\"inLanguage\":\"en-US\",\"@id\":\"https:\/\/www.sankovakif.com\/en\/#\/schema\/logo\/image\/\",\"url\":\"https:\/\/www.sankovakif.com\/wp-content\/uploads\/2022\/03\/sanko-yeni-logo-son.png\",\"contentUrl\":\"https:\/\/www.sankovakif.com\/wp-content\/uploads\/2022\/03\/sanko-yeni-logo-son.png\",\"width\":400,\"height\":127,\"caption\":\"Sani Konuko\u011flu Foundation\"},\"image\":{\"@id\":\"https:\/\/www.sankovakif.com\/en\/#\/schema\/logo\/image\/\"},\"sameAs\":[\"https:\/\/www.facebook.com\/SaniKonukogluVakfi\",\"https:\/\/twitter.com\/sankovakif\",\"https:\/\/www.instagram.com\/sanikonukogluvakfi\/\"]}]}<\/script>\n<!-- \/ Yoast SEO plugin. -->","yoast_head_json":{"title":"Announcements &bull; Sani Konuko\u011flu Vakf\u0131","description":"Announcements by the SANKO Foundation.","robots":{"index":"index","follow":"follow","max-snippet":"max-snippet:-1","max-image-preview":"max-image-preview:large","max-video-preview":"max-video-preview:-1"},"canonical":"https:\/\/www.sankovakif.com\/en\/announcements\/","og_locale":"en_US","og_type":"article","og_title":"Announcements &bull; Sani Konuko\u011flu Vakf\u0131","og_description":"Announcements by the SANKO Foundation.","og_url":"https:\/\/www.sankovakif.com\/en\/announcements\/","og_site_name":"Sani Konuko\u011flu Vakf\u0131","article_publisher":"https:\/\/www.facebook.com\/SaniKonukogluVakfi","article_modified_time":"2022-08-27T11:48:04+00:00","twitter_card":"summary_large_image","twitter_site":"@sankovakif","schema":{"@context":"https:\/\/schema.org","@graph":[{"@type":"WebPage","@id":"https:\/\/www.sankovakif.com\/en\/announcements\/","url":"https:\/\/www.sankovakif.com\/en\/announcements\/","name":"Announcements &bull; Sani Konuko\u011flu Vakf\u0131","isPartOf":{"@id":"https:\/\/www.sankovakif.com\/en\/#website"},"datePublished":"2022-01-22T18:21:55+00:00","dateModified":"2022-08-27T11:48:04+00:00","description":"Announcements by the SANKO Foundation.","breadcrumb":{"@id":"https:\/\/www.sankovakif.com\/en\/announcements\/#breadcrumb"},"inLanguage":"en-US","potentialAction":[{"@type":"ReadAction","target":["https:\/\/www.sankovakif.com\/en\/announcements\/"]}]},{"@type":"BreadcrumbList","@id":"https:\/\/www.sankovakif.com\/en\/announcements\/#breadcrumb","itemListElement":[{"@type":"ListItem","position":1,"name":"Home","item":"https:\/\/www.sankovakif.com\/en\/"},{"@type":"ListItem","position":2,"name":"Announcements"}]},{"@type":"WebSite","@id":"https:\/\/www.sankovakif.com\/en\/#website","url":"https:\/\/www.sankovakif.com\/en\/","name":"Sani Konuko\u011flu Vakf\u0131","description":"Payla\u015fmak Mutluluktur","publisher":{"@id":"https:\/\/www.sankovakif.com\/en\/#organization"},"potentialAction":[{"@type":"SearchAction","target":{"@type":"EntryPoint","urlTemplate":"https:\/\/www.sankovakif.com\/en\/?s={search_term_string}"},"query-input":"required name=search_term_string"}],"inLanguage":"en-US"},{"@type":"Organization","@id":"https:\/\/www.sankovakif.com\/en\/#organization","name":"Sani Konuko\u011flu Foundation","url":"https:\/\/www.sankovakif.com\/en\/","logo":{"@type":"ImageObject","inLanguage":"en-US","@id":"https:\/\/www.sankovakif.com\/en\/#\/schema\/logo\/image\/","url":"https:\/\/www.sankovakif.com\/wp-content\/uploads\/2022\/03\/sanko-yeni-logo-son.png","contentUrl":"https:\/\/www.sankovakif.com\/wp-content\/uploads\/2022\/03\/sanko-yeni-logo-son.png","width":400,"height":127,"caption":"Sani Konuko\u011flu Foundation"},"image":{"@id":"https:\/\/www.sankovakif.com\/en\/#\/schema\/logo\/image\/"},"sameAs":["https:\/\/www.facebook.com\/SaniKonukogluVakfi","https:\/\/twitter.com\/sankovakif","https:\/\/www.instagram.com\/sanikonukogluvakfi\/"]}]}},"_links":{"self":[{"href":"https:\/\/www.sankovakif.com\/en\/wp-json\/wp\/v2\/pages\/4188","targetHints":{"allow":["GET"]}}],"collection":[{"href":"https:\/\/www.sankovakif.com\/en\/wp-json\/wp\/v2\/pages"}],"about":[{"href":"https:\/\/www.sankovakif.com\/en\/wp-json\/wp\/v2\/types\/page"}],"author":[{"embeddable":true,"href":"https:\/\/www.sankovakif.com\/en\/wp-json\/wp\/v2\/users\/1"}],"replies":[{"embeddable":true,"href":"https:\/\/www.sankovakif.com\/en\/wp-json\/wp\/v2\/comments?post=4188"}],"version-history":[{"count":1,"href":"https:\/\/www.sankovakif.com\/en\/wp-json\/wp\/v2\/pages\/4188\/revisions"}],"predecessor-version":[{"id":4189,"href":"https:\/\/www.sankovakif.com\/en\/wp-json\/wp\/v2\/pages\/4188\/revisions\/4189"}],"wp:attachment":[{"href":"https:\/\/www.sankovakif.com\/en\/wp-json\/wp\/v2\/media?parent=4188"}],"curies":[{"name":"wp","href":"https:\/\/api.w.org\/{rel}","templated":true}]}}