{"id":4170,"date":"2021-09-03T15:25:53","date_gmt":"2021-09-03T12:25:53","guid":{"rendered":"https:\/\/www.sankovakif.com\/long-lasting-artefactas\/"},"modified":"2022-11-24T17:28:29","modified_gmt":"2022-11-24T14:28:29","slug":"long-lasting-artefactas","status":"publish","type":"page","link":"https:\/\/www.sankovakif.com\/en\/long-lasting-artefactas\/","title":{"rendered":"Long-Lasting Artefacts"},"content":{"rendered":"\t\t<div data-elementor-type=\"wp-page\" data-elementor-id=\"4170\" class=\"elementor elementor-4170 elementor-1483\" data-elementor-post-type=\"page\">\n\t\t\t\t\t\t<section data-particle_enable=\"false\" data-particle-mobile-disabled=\"false\" class=\"elementor-section elementor-top-section elementor-element elementor-element-4718f41 elementor-section-full_width qode_elementor_container_inner elementor-section-stretched elementor-section-height-default elementor-section-height-default parallax_section_no\" data-id=\"4718f41\" data-element_type=\"section\" data-settings=\"{&quot;stretch_section&quot;:&quot;section-stretched&quot;,&quot;background_background&quot;:&quot;classic&quot;}\">\n\t\t\t\t\t\t<div class=\"elementor-container elementor-column-gap-no\">\n\t\t\t\t\t<div class=\"elementor-column elementor-col-100 elementor-top-column elementor-element elementor-element-d51e268\" data-id=\"d51e268\" data-element_type=\"column\">\n\t\t\t<div class=\"elementor-widget-wrap elementor-element-populated\">\n\t\t\t\t\t\t<div class=\"elementor-element elementor-element-859b252 elementor-widget elementor-widget-slider_revolution\" data-id=\"859b252\" data-element_type=\"widget\" data-widget_type=\"slider_revolution.default\">\n\t\t\t\t<div class=\"elementor-widget-container\">\n\t\t\t\n\t\t<div class=\"wp-block-themepunch-revslider\">\n\t\t\t<!-- START Slider 1 REVOLUTION SLIDER 6.5.21 --><p class=\"rs-p-wp-fix\"><\/p>\n\t\t\t<rs-module-wrap id=\"rev_slider_3_1_wrapper\" data-source=\"gallery\" style=\"visibility:hidden;background:transparent;padding:0;margin:0px auto;margin-top:0;margin-bottom:0;\">\n\t\t\t\t<rs-module id=\"rev_slider_3_1\" style=\"\" data-version=\"6.5.21\">\n\t\t\t\t\t<rs-slides>\n\t\t\t\t\t\t<rs-slide style=\"position: absolute;\" data-key=\"rs-9\" data-title=\"Slide\" data-in=\"o:0;\" data-out=\"a:false;\">\n\t\t\t\t\t\t\t<img fetchpriority=\"high\" decoding=\"async\" src=\"\/\/www.sankovakif.com\/wp-content\/plugins\/revslider\/public\/assets\/assets\/dummy.png\" alt=\"\" title=\"sanko-video_92.jpeg\" width=\"1920\" height=\"1080\" class=\"rev-slidebg tp-rs-img rs-lazyload\" data-lazyload=\"\/\/www.sankovakif.com\/wp-content\/uploads\/revslider\/video-media\/sanko-video_92.jpeg\" data-no-retina>\n\t\t\t\t\t\t\t<rs-bgvideo \n\t\t\t\t\t\t\t\tdata-video=\"w:100%;h:100%;nse:false;l:true;ptimer:false;vfc:true;\"\n\t\t\t\t\t\t\t\tdata-mp4=\"\/\/www.sankovakif.com\/wp-content\/uploads\/2022\/04\/sanko-video.mp4\"\n\t\t\t\t\t\t\t><\/rs-bgvideo>\n<!---->\t\t\t\t\t\t<\/rs-slide>\n\t\t\t\t\t<\/rs-slides>\n\t\t\t\t<\/rs-module>\n\t\t\t\t<script>\n\t\t\t\t\tsetREVStartSize({c: 'rev_slider_3_1',rl:[1240,1024,778,480],el:[800],gw:[1240],gh:[800],type:'hero',justify:'',layout:'fullwidth',mh:\"0\"});if (window.RS_MODULES!==undefined && window.RS_MODULES.modules!==undefined && window.RS_MODULES.modules[\"revslider31\"]!==undefined) {window.RS_MODULES.modules[\"revslider31\"].once = false;window.revapi3 = undefined;if (window.RS_MODULES.checkMinimal!==undefined) window.RS_MODULES.checkMinimal()}\n\t\t\t\t<\/script>\n\t\t\t<\/rs-module-wrap>\n\t\t\t<!-- END REVOLUTION SLIDER -->\n<\/div>\n\n\t\t\t\t<\/div>\n\t\t\t\t<\/div>\n\t\t\t\t\t<\/div>\n\t\t<\/div>\n\t\t\t\t\t<\/div>\n\t\t<\/section>\n\t\t\t\t<section data-particle_enable=\"false\" data-particle-mobile-disabled=\"false\" class=\"elementor-section elementor-top-section elementor-element elementor-element-976d2ed elementor-section-boxed elementor-section-height-default elementor-section-height-default parallax_section_no qode_elementor_container_no\" data-id=\"976d2ed\" data-element_type=\"section\">\n\t\t\t\t\t\t<div class=\"elementor-container elementor-column-gap-default\">\n\t\t\t\t\t<div class=\"elementor-column elementor-col-100 elementor-top-column elementor-element elementor-element-a7ca32b\" data-id=\"a7ca32b\" data-element_type=\"column\">\n\t\t\t<div class=\"elementor-widget-wrap elementor-element-populated\">\n\t\t\t\t\t\t<div class=\"elementor-element elementor-element-b3707f1 elementor-widget-divider--view-line_text elementor-widget-divider--element-align-center elementor-invisible elementor-widget elementor-widget-divider\" data-id=\"b3707f1\" data-element_type=\"widget\" data-settings=\"{&quot;_animation&quot;:&quot;fadeInDown&quot;}\" data-widget_type=\"divider.default\">\n\t\t\t\t<div class=\"elementor-widget-container\">\n\t\t\t\t\t<div class=\"elementor-divider\">\n\t\t\t<span class=\"elementor-divider-separator\">\n\t\t\t\t\t\t\t<span class=\"elementor-divider__text elementor-divider__element\">\n\t\t\t\tSAN\u0130 KONUKO\u011eLU FOUNDATION\t\t\t\t<\/span>\n\t\t\t\t\t\t<\/span>\n\t\t<\/div>\n\t\t\t\t<\/div>\n\t\t\t\t<\/div>\n\t\t\t\t<div class=\"elementor-element elementor-element-e01002a elementor-invisible elementor-widget elementor-widget-text-editor\" data-id=\"e01002a\" data-element_type=\"widget\" data-settings=\"{&quot;_animation&quot;:&quot;fadeInDown&quot;}\" data-widget_type=\"text-editor.default\">\n\t\t\t\t<div class=\"elementor-widget-container\">\n\t\t\t\t\t\t\t<h2>LONG-LASTING ARTEFACTS<\/h2>\t\t\t\t\t\t<\/div>\n\t\t\t\t<\/div>\n\t\t\t\t<div class=\"elementor-element elementor-element-4b00acc premium-blog-align-center elementor-widget elementor-widget-premium-addon-blog\" data-id=\"4b00acc\" data-element_type=\"widget\" data-settings=\"{&quot;premium_blog_columns_number&quot;:&quot;20%&quot;,&quot;custom_posts_filter&quot;:[&quot;1485&quot;,&quot;1526&quot;,&quot;1761&quot;,&quot;1831&quot;,&quot;1859&quot;],&quot;premium_blog_grid&quot;:&quot;yes&quot;,&quot;premium_blog_layout&quot;:&quot;even&quot;,&quot;premium_blog_columns_number_tablet&quot;:&quot;50%&quot;,&quot;premium_blog_columns_number_mobile&quot;:&quot;100%&quot;}\" data-widget_type=\"premium-addon-blog.default\">\n\t\t\t\t<div class=\"elementor-widget-container\">\n\t\t\t\r\n\t\t\t\t<div class=\"premium-blog-wrap  premium-blog-even\" data-page=\"4170\">\r\n\t\t\t\t\t<div class=\"premium-blog-post-outer-container\" data-total=\"1\">\r\n\t\t\t<div class=\"premium-blog-post-container premium-blog-skin-classic\">\r\n\t\t\t\t\t\t\t\t\t<div class=\"premium-blog-thumb-effect-wrapper\">\r\n\t\t\t\t\t\t<div class=\"premium-blog-thumbnail-container premium-blog-zoomin-effect\">\r\n\t\t\t\t\t\t\t<img decoding=\"async\" width=\"500\" height=\"380\" src=\"https:\/\/www.sankovakif.com\/wp-content\/uploads\/2021\/09\/ozel-sanko-500x380.jpg\" class=\"attachment-portfolio_slider size-portfolio_slider wp-image-3725\" alt=\"\" \/>\t\t\t\t\t\t<\/div>\r\n\t\t\t\t\t\t\t\t\t\t\t\t\t<div class=\"premium-blog-thumbnail-overlay\">\r\n\t\t\t\t\t\t\t\t<a class=\"elementor-icon\" href=\"https:\/\/www.sankovakif.com\/en\/long-lasting-artefactas\/educational-institutions\/\" target=\"_blank\" aria-hidden=\"true\"><span>Educational Institutions<\/span><\/a>\r\n\t\t\t\t\t\t\t<\/div>\r\n\t\t\t\t\t\t\t\t\t\t\t<\/div>\r\n\t\t\t\t\t\t\t\t\t\t\t\t<div class=\"premium-blog-content-wrapper \">\r\n\r\n\t\t\t\t\t<div class=\"premium-blog-inner-container\">\r\n\r\n\t\t\t\t\t\t\t\t\t\t\t\t\t\t<h3 class=\"premium-blog-entry-title\">\r\n\t\t\t<a href=\"https:\/\/www.sankovakif.com\/en\/long-lasting-artefactas\/educational-institutions\/\" target=\"_blank\">\r\n\t\t\t\tEducational Institutions\t\t\t<\/a>\r\n\t\t<\/h3>\r\n\t\t\t\t<div class=\"premium-blog-entry-meta\">\r\n\t\t\t\r\n\t\t\t\r\n\t\t\t\r\n\t\t\t\t\t<\/div>\r\n\t\t\r\n\t\t\t\t\t<\/div>\r\n\r\n\t\t\t\t\t\t\t\t\t\t\r\n\t\t\t\t<\/div>\r\n\t\t\t<\/div>\r\n\t\t<\/div>\r\n\r\n\t\t\t\t<div class=\"premium-blog-post-outer-container\" data-total=\"1\">\r\n\t\t\t<div class=\"premium-blog-post-container premium-blog-skin-classic\">\r\n\t\t\t\t\t\t\t\t\t<div class=\"premium-blog-thumb-effect-wrapper\">\r\n\t\t\t\t\t\t<div class=\"premium-blog-thumbnail-container premium-blog-zoomin-effect\">\r\n\t\t\t\t\t\t\t<img decoding=\"async\" width=\"500\" height=\"380\" src=\"https:\/\/www.sankovakif.com\/wp-content\/uploads\/2021\/09\/sanko-hastane-5-500x380.jpg\" class=\"attachment-portfolio_slider size-portfolio_slider wp-image-3857\" alt=\"\" \/>\t\t\t\t\t\t<\/div>\r\n\t\t\t\t\t\t\t\t\t\t\t\t\t<div class=\"premium-blog-thumbnail-overlay\">\r\n\t\t\t\t\t\t\t\t<a class=\"elementor-icon\" href=\"https:\/\/www.sankovakif.com\/en\/long-lasting-artefactas\/helathcare-institutions\/\" target=\"_blank\" aria-hidden=\"true\"><span>Healthcare Institutions<\/span><\/a>\r\n\t\t\t\t\t\t\t<\/div>\r\n\t\t\t\t\t\t\t\t\t\t\t<\/div>\r\n\t\t\t\t\t\t\t\t\t\t\t\t<div class=\"premium-blog-content-wrapper \">\r\n\r\n\t\t\t\t\t<div class=\"premium-blog-inner-container\">\r\n\r\n\t\t\t\t\t\t\t\t\t\t\t\t\t\t<h3 class=\"premium-blog-entry-title\">\r\n\t\t\t<a href=\"https:\/\/www.sankovakif.com\/en\/long-lasting-artefactas\/helathcare-institutions\/\" target=\"_blank\">\r\n\t\t\t\tHealthcare Institutions\t\t\t<\/a>\r\n\t\t<\/h3>\r\n\t\t\t\t<div class=\"premium-blog-entry-meta\">\r\n\t\t\t\r\n\t\t\t\r\n\t\t\t\r\n\t\t\t\t\t<\/div>\r\n\t\t\r\n\t\t\t\t\t<\/div>\r\n\r\n\t\t\t\t\t\t\t\t\t\t\r\n\t\t\t\t<\/div>\r\n\t\t\t<\/div>\r\n\t\t<\/div>\r\n\r\n\t\t\t\t<div class=\"premium-blog-post-outer-container\" data-total=\"1\">\r\n\t\t\t<div class=\"premium-blog-post-container premium-blog-skin-classic\">\r\n\t\t\t\t\t\t\t\t\t<div class=\"premium-blog-thumb-effect-wrapper\">\r\n\t\t\t\t\t\t<div class=\"premium-blog-thumbnail-container premium-blog-zoomin-effect\">\r\n\t\t\t\t\t\t\t<img loading=\"lazy\" decoding=\"async\" width=\"500\" height=\"380\" src=\"https:\/\/www.sankovakif.com\/wp-content\/uploads\/2021\/09\/uni1-500x380.jpg\" class=\"attachment-portfolio_slider size-portfolio_slider wp-image-3830\" alt=\"\" \/>\t\t\t\t\t\t<\/div>\r\n\t\t\t\t\t\t\t\t\t\t\t\t\t<div class=\"premium-blog-thumbnail-overlay\">\r\n\t\t\t\t\t\t\t\t<a class=\"elementor-icon\" href=\"https:\/\/www.sankovakif.com\/en\/long-lasting-artefactas\/universities\/\" target=\"_blank\" aria-hidden=\"true\"><span>Universities<\/span><\/a>\r\n\t\t\t\t\t\t\t<\/div>\r\n\t\t\t\t\t\t\t\t\t\t\t<\/div>\r\n\t\t\t\t\t\t\t\t\t\t\t\t<div class=\"premium-blog-content-wrapper \">\r\n\r\n\t\t\t\t\t<div class=\"premium-blog-inner-container\">\r\n\r\n\t\t\t\t\t\t\t\t\t\t\t\t\t\t<h3 class=\"premium-blog-entry-title\">\r\n\t\t\t<a href=\"https:\/\/www.sankovakif.com\/en\/long-lasting-artefactas\/universities\/\" target=\"_blank\">\r\n\t\t\t\tUniversities\t\t\t<\/a>\r\n\t\t<\/h3>\r\n\t\t\t\t<div class=\"premium-blog-entry-meta\">\r\n\t\t\t\r\n\t\t\t\r\n\t\t\t\r\n\t\t\t\t\t<\/div>\r\n\t\t\r\n\t\t\t\t\t<\/div>\r\n\r\n\t\t\t\t\t\t\t\t\t\t\r\n\t\t\t\t<\/div>\r\n\t\t\t<\/div>\r\n\t\t<\/div>\r\n\r\n\t\t\t\t<div class=\"premium-blog-post-outer-container\" data-total=\"1\">\r\n\t\t\t<div class=\"premium-blog-post-container premium-blog-skin-classic\">\r\n\t\t\t\t\t\t\t\t\t<div class=\"premium-blog-thumb-effect-wrapper\">\r\n\t\t\t\t\t\t<div class=\"premium-blog-thumbnail-container premium-blog-zoomin-effect\">\r\n\t\t\t\t\t\t\t<img loading=\"lazy\" decoding=\"async\" width=\"500\" height=\"380\" src=\"https:\/\/www.sankovakif.com\/wp-content\/uploads\/2021\/09\/cami-500x380.jpg\" class=\"attachment-portfolio_slider size-portfolio_slider wp-image-3874\" alt=\"\" \/>\t\t\t\t\t\t<\/div>\r\n\t\t\t\t\t\t\t\t\t\t\t\t\t<div class=\"premium-blog-thumbnail-overlay\">\r\n\t\t\t\t\t\t\t\t<a class=\"elementor-icon\" href=\"https:\/\/www.sankovakif.com\/en\/long-lasting-artefactas\/mosques\/\" target=\"_blank\" aria-hidden=\"true\"><span>Mosques<\/span><\/a>\r\n\t\t\t\t\t\t\t<\/div>\r\n\t\t\t\t\t\t\t\t\t\t\t<\/div>\r\n\t\t\t\t\t\t\t\t\t\t\t\t<div class=\"premium-blog-content-wrapper \">\r\n\r\n\t\t\t\t\t<div class=\"premium-blog-inner-container\">\r\n\r\n\t\t\t\t\t\t\t\t\t\t\t\t\t\t<h3 class=\"premium-blog-entry-title\">\r\n\t\t\t<a href=\"https:\/\/www.sankovakif.com\/en\/long-lasting-artefactas\/mosques\/\" target=\"_blank\">\r\n\t\t\t\tMosques\t\t\t<\/a>\r\n\t\t<\/h3>\r\n\t\t\t\t<div class=\"premium-blog-entry-meta\">\r\n\t\t\t\r\n\t\t\t\r\n\t\t\t\r\n\t\t\t\t\t<\/div>\r\n\t\t\r\n\t\t\t\t\t<\/div>\r\n\r\n\t\t\t\t\t\t\t\t\t\t\r\n\t\t\t\t<\/div>\r\n\t\t\t<\/div>\r\n\t\t<\/div>\r\n\r\n\t\t\t\t<div class=\"premium-blog-post-outer-container\" data-total=\"1\">\r\n\t\t\t<div class=\"premium-blog-post-container premium-blog-skin-classic\">\r\n\t\t\t\t\t\t\t\t\t<div class=\"premium-blog-thumb-effect-wrapper\">\r\n\t\t\t\t\t\t<div class=\"premium-blog-thumbnail-container premium-blog-zoomin-effect\">\r\n\t\t\t\t\t\t\t<img loading=\"lazy\" decoding=\"async\" width=\"500\" height=\"380\" src=\"https:\/\/www.sankovakif.com\/wp-content\/uploads\/2021\/09\/banner1-500x380.jpg\" class=\"attachment-portfolio_slider size-portfolio_slider wp-image-3865\" alt=\"\" \/>\t\t\t\t\t\t<\/div>\r\n\t\t\t\t\t\t\t\t\t\t\t\t\t<div class=\"premium-blog-thumbnail-overlay\">\r\n\t\t\t\t\t\t\t\t<a class=\"elementor-icon\" href=\"https:\/\/www.sankovakif.com\/en\/long-lasting-artefactas\/culture-institutions\/\" target=\"_blank\" aria-hidden=\"true\"><span>Culture Institutions<\/span><\/a>\r\n\t\t\t\t\t\t\t<\/div>\r\n\t\t\t\t\t\t\t\t\t\t\t<\/div>\r\n\t\t\t\t\t\t\t\t\t\t\t\t<div class=\"premium-blog-content-wrapper \">\r\n\r\n\t\t\t\t\t<div class=\"premium-blog-inner-container\">\r\n\r\n\t\t\t\t\t\t\t\t\t\t\t\t\t\t<h3 class=\"premium-blog-entry-title\">\r\n\t\t\t<a href=\"https:\/\/www.sankovakif.com\/en\/long-lasting-artefactas\/culture-institutions\/\" target=\"_blank\">\r\n\t\t\t\tCulture Institutions\t\t\t<\/a>\r\n\t\t<\/h3>\r\n\t\t\t\t<div class=\"premium-blog-entry-meta\">\r\n\t\t\t\r\n\t\t\t\r\n\t\t\t\r\n\t\t\t\t\t<\/div>\r\n\t\t\r\n\t\t\t\t\t<\/div>\r\n\r\n\t\t\t\t\t\t\t\t\t\t\r\n\t\t\t\t<\/div>\r\n\t\t\t<\/div>\r\n\t\t<\/div>\r\n\r\n\t\t\t\t<\/div>\r\n\r\n\t\t\t\t<\/div>\n\t\t\t\t<\/div>\n\t\t\t\t\t<\/div>\n\t\t<\/div>\n\t\t\t\t\t<\/div>\n\t\t<\/section>\n\t\t\t\t<\/div>\n\t\t","protected":false},"excerpt":{"rendered":"<p>SAN\u0130 KONUKO\u011eLU FOUNDATION LONG-LASTING ARTEFACTS E\u011fitim Kurumlar\u0131 Sa\u011fl\u0131k Kurumlar\u0131 \u00dcniversiteler Camiler K\u00fclt\u00fcr Kurumlar\u0131<\/p>\n","protected":false},"author":1,"featured_media":0,"parent":0,"menu_order":0,"comment_status":"closed","ping_status":"closed","template":"","meta":{"_mi_skip_tracking":false,"_monsterinsights_sitenote_active":false,"_monsterinsights_sitenote_note":"","_monsterinsights_sitenote_category":0,"footnotes":""},"class_list":["post-4170","page","type-page","status-publish","hentry"],"acf":[],"yoast_head":"<!-- This site is optimized with the Yoast SEO plugin v20.9 - https:\/\/yoast.com\/wordpress\/plugins\/seo\/ -->\n<title>Long-Lasting Artefacts &bull; Sani Konuko\u011flu Vakf\u0131<\/title>\n<meta name=\"description\" content=\"Discover the long-lasting artefacts made by the SANKO Foundation.\" \/>\n<meta name=\"robots\" content=\"index, follow, max-snippet:-1, max-image-preview:large, max-video-preview:-1\" \/>\n<link rel=\"canonical\" href=\"https:\/\/www.sankovakif.com\/en\/long-lasting-artefactas\/\" \/>\n<meta property=\"og:locale\" content=\"en_US\" \/>\n<meta property=\"og:type\" content=\"article\" \/>\n<meta property=\"og:title\" content=\"Long-Lasting Artefacts &bull; Sani Konuko\u011flu Vakf\u0131\" \/>\n<meta property=\"og:description\" content=\"Discover the long-lasting artefacts made by the SANKO Foundation.\" \/>\n<meta property=\"og:url\" content=\"https:\/\/www.sankovakif.com\/en\/long-lasting-artefactas\/\" \/>\n<meta property=\"og:site_name\" content=\"Sani Konuko\u011flu Vakf\u0131\" \/>\n<meta property=\"article:publisher\" content=\"https:\/\/www.facebook.com\/SaniKonukogluVakfi\" \/>\n<meta property=\"article:modified_time\" content=\"2022-11-24T14:28:29+00:00\" \/>\n<meta property=\"og:image\" content=\"https:\/\/www.sankovakif.com\/wp-content\/uploads\/2021\/09\/ozel-sanko-500x380.jpg\" \/>\n<meta name=\"twitter:card\" content=\"summary_large_image\" \/>\n<meta name=\"twitter:site\" content=\"@sankovakif\" \/>\n<meta name=\"twitter:label1\" content=\"Est. reading time\" \/>\n\t<meta name=\"twitter:data1\" content=\"2 minutes\" \/>\n<script type=\"application\/ld+json\" class=\"yoast-schema-graph\">{\"@context\":\"https:\/\/schema.org\",\"@graph\":[{\"@type\":\"WebPage\",\"@id\":\"https:\/\/www.sankovakif.com\/en\/long-lasting-artefactas\/\",\"url\":\"https:\/\/www.sankovakif.com\/en\/long-lasting-artefactas\/\",\"name\":\"Long-Lasting Artefacts &bull; Sani Konuko\u011flu Vakf\u0131\",\"isPartOf\":{\"@id\":\"https:\/\/www.sankovakif.com\/en\/#website\"},\"datePublished\":\"2021-09-03T12:25:53+00:00\",\"dateModified\":\"2022-11-24T14:28:29+00:00\",\"description\":\"Discover the long-lasting artefacts made by the SANKO Foundation.\",\"breadcrumb\":{\"@id\":\"https:\/\/www.sankovakif.com\/en\/long-lasting-artefactas\/#breadcrumb\"},\"inLanguage\":\"en-US\",\"potentialAction\":[{\"@type\":\"ReadAction\",\"target\":[\"https:\/\/www.sankovakif.com\/en\/long-lasting-artefactas\/\"]}]},{\"@type\":\"BreadcrumbList\",\"@id\":\"https:\/\/www.sankovakif.com\/en\/long-lasting-artefactas\/#breadcrumb\",\"itemListElement\":[{\"@type\":\"ListItem\",\"position\":1,\"name\":\"Home\",\"item\":\"https:\/\/www.sankovakif.com\/en\/\"},{\"@type\":\"ListItem\",\"position\":2,\"name\":\"Long-Lasting Artefacts\"}]},{\"@type\":\"WebSite\",\"@id\":\"https:\/\/www.sankovakif.com\/en\/#website\",\"url\":\"https:\/\/www.sankovakif.com\/en\/\",\"name\":\"Sani Konuko\u011flu Vakf\u0131\",\"description\":\"Payla\u015fmak Mutluluktur\",\"publisher\":{\"@id\":\"https:\/\/www.sankovakif.com\/en\/#organization\"},\"potentialAction\":[{\"@type\":\"SearchAction\",\"target\":{\"@type\":\"EntryPoint\",\"urlTemplate\":\"https:\/\/www.sankovakif.com\/en\/?s={search_term_string}\"},\"query-input\":\"required name=search_term_string\"}],\"inLanguage\":\"en-US\"},{\"@type\":\"Organization\",\"@id\":\"https:\/\/www.sankovakif.com\/en\/#organization\",\"name\":\"Sani Konuko\u011flu Foundation\",\"url\":\"https:\/\/www.sankovakif.com\/en\/\",\"logo\":{\"@type\":\"ImageObject\",\"inLanguage\":\"en-US\",\"@id\":\"https:\/\/www.sankovakif.com\/en\/#\/schema\/logo\/image\/\",\"url\":\"https:\/\/www.sankovakif.com\/wp-content\/uploads\/2022\/03\/sanko-yeni-logo-son.png\",\"contentUrl\":\"https:\/\/www.sankovakif.com\/wp-content\/uploads\/2022\/03\/sanko-yeni-logo-son.png\",\"width\":400,\"height\":127,\"caption\":\"Sani Konuko\u011flu Foundation\"},\"image\":{\"@id\":\"https:\/\/www.sankovakif.com\/en\/#\/schema\/logo\/image\/\"},\"sameAs\":[\"https:\/\/www.facebook.com\/SaniKonukogluVakfi\",\"https:\/\/twitter.com\/sankovakif\",\"https:\/\/www.instagram.com\/sanikonukogluvakfi\/\"]}]}<\/script>\n<!-- \/ Yoast SEO plugin. -->","yoast_head_json":{"title":"Long-Lasting Artefacts &bull; Sani Konuko\u011flu Vakf\u0131","description":"Discover the long-lasting artefacts made by the SANKO Foundation.","robots":{"index":"index","follow":"follow","max-snippet":"max-snippet:-1","max-image-preview":"max-image-preview:large","max-video-preview":"max-video-preview:-1"},"canonical":"https:\/\/www.sankovakif.com\/en\/long-lasting-artefactas\/","og_locale":"en_US","og_type":"article","og_title":"Long-Lasting Artefacts &bull; Sani Konuko\u011flu Vakf\u0131","og_description":"Discover the long-lasting artefacts made by the SANKO Foundation.","og_url":"https:\/\/www.sankovakif.com\/en\/long-lasting-artefactas\/","og_site_name":"Sani Konuko\u011flu Vakf\u0131","article_publisher":"https:\/\/www.facebook.com\/SaniKonukogluVakfi","article_modified_time":"2022-11-24T14:28:29+00:00","og_image":[{"url":"https:\/\/www.sankovakif.com\/wp-content\/uploads\/2021\/09\/ozel-sanko-500x380.jpg"}],"twitter_card":"summary_large_image","twitter_site":"@sankovakif","twitter_misc":{"Est. reading time":"2 minutes"},"schema":{"@context":"https:\/\/schema.org","@graph":[{"@type":"WebPage","@id":"https:\/\/www.sankovakif.com\/en\/long-lasting-artefactas\/","url":"https:\/\/www.sankovakif.com\/en\/long-lasting-artefactas\/","name":"Long-Lasting Artefacts &bull; Sani Konuko\u011flu Vakf\u0131","isPartOf":{"@id":"https:\/\/www.sankovakif.com\/en\/#website"},"datePublished":"2021-09-03T12:25:53+00:00","dateModified":"2022-11-24T14:28:29+00:00","description":"Discover the long-lasting artefacts made by the SANKO Foundation.","breadcrumb":{"@id":"https:\/\/www.sankovakif.com\/en\/long-lasting-artefactas\/#breadcrumb"},"inLanguage":"en-US","potentialAction":[{"@type":"ReadAction","target":["https:\/\/www.sankovakif.com\/en\/long-lasting-artefactas\/"]}]},{"@type":"BreadcrumbList","@id":"https:\/\/www.sankovakif.com\/en\/long-lasting-artefactas\/#breadcrumb","itemListElement":[{"@type":"ListItem","position":1,"name":"Home","item":"https:\/\/www.sankovakif.com\/en\/"},{"@type":"ListItem","position":2,"name":"Long-Lasting Artefacts"}]},{"@type":"WebSite","@id":"https:\/\/www.sankovakif.com\/en\/#website","url":"https:\/\/www.sankovakif.com\/en\/","name":"Sani Konuko\u011flu Vakf\u0131","description":"Payla\u015fmak Mutluluktur","publisher":{"@id":"https:\/\/www.sankovakif.com\/en\/#organization"},"potentialAction":[{"@type":"SearchAction","target":{"@type":"EntryPoint","urlTemplate":"https:\/\/www.sankovakif.com\/en\/?s={search_term_string}"},"query-input":"required name=search_term_string"}],"inLanguage":"en-US"},{"@type":"Organization","@id":"https:\/\/www.sankovakif.com\/en\/#organization","name":"Sani Konuko\u011flu Foundation","url":"https:\/\/www.sankovakif.com\/en\/","logo":{"@type":"ImageObject","inLanguage":"en-US","@id":"https:\/\/www.sankovakif.com\/en\/#\/schema\/logo\/image\/","url":"https:\/\/www.sankovakif.com\/wp-content\/uploads\/2022\/03\/sanko-yeni-logo-son.png","contentUrl":"https:\/\/www.sankovakif.com\/wp-content\/uploads\/2022\/03\/sanko-yeni-logo-son.png","width":400,"height":127,"caption":"Sani Konuko\u011flu Foundation"},"image":{"@id":"https:\/\/www.sankovakif.com\/en\/#\/schema\/logo\/image\/"},"sameAs":["https:\/\/www.facebook.com\/SaniKonukogluVakfi","https:\/\/twitter.com\/sankovakif","https:\/\/www.instagram.com\/sanikonukogluvakfi\/"]}]}},"_links":{"self":[{"href":"https:\/\/www.sankovakif.com\/en\/wp-json\/wp\/v2\/pages\/4170","targetHints":{"allow":["GET"]}}],"collection":[{"href":"https:\/\/www.sankovakif.com\/en\/wp-json\/wp\/v2\/pages"}],"about":[{"href":"https:\/\/www.sankovakif.com\/en\/wp-json\/wp\/v2\/types\/page"}],"author":[{"embeddable":true,"href":"https:\/\/www.sankovakif.com\/en\/wp-json\/wp\/v2\/users\/1"}],"replies":[{"embeddable":true,"href":"https:\/\/www.sankovakif.com\/en\/wp-json\/wp\/v2\/comments?post=4170"}],"version-history":[{"count":3,"href":"https:\/\/www.sankovakif.com\/en\/wp-json\/wp\/v2\/pages\/4170\/revisions"}],"predecessor-version":[{"id":4332,"href":"https:\/\/www.sankovakif.com\/en\/wp-json\/wp\/v2\/pages\/4170\/revisions\/4332"}],"wp:attachment":[{"href":"https:\/\/www.sankovakif.com\/en\/wp-json\/wp\/v2\/media?parent=4170"}],"curies":[{"name":"wp","href":"https:\/\/api.w.org\/{rel}","templated":true}]}}