{"id":4164,"date":"2021-09-29T12:01:08","date_gmt":"2021-09-29T09:01:08","guid":{"rendered":"https:\/\/www.sankovakif.com\/culture-institutions\/"},"modified":"2022-08-27T14:04:20","modified_gmt":"2022-08-27T11:04:20","slug":"culture-institutions","status":"publish","type":"page","link":"https:\/\/www.sankovakif.com\/en\/long-lasting-artefactas\/culture-institutions\/","title":{"rendered":"Culture Institutions"},"content":{"rendered":"\t\t<div data-elementor-type=\"wp-page\" data-elementor-id=\"4164\" class=\"elementor elementor-4164 elementor-1859\" data-elementor-post-type=\"page\">\n\t\t\t\t\t\t<section data-particle_enable=\"false\" data-particle-mobile-disabled=\"false\" class=\"elementor-section elementor-top-section elementor-element elementor-element-9fa7ba9 elementor-section-full_width qode_elementor_container_inner elementor-section-height-default elementor-section-height-default parallax_section_no\" data-id=\"9fa7ba9\" data-element_type=\"section\">\n\t\t\t\t\t\t<div class=\"elementor-container elementor-column-gap-no\">\n\t\t\t\t\t<div class=\"elementor-column elementor-col-100 elementor-top-column elementor-element elementor-element-698128d\" data-id=\"698128d\" data-element_type=\"column\">\n\t\t\t<div class=\"elementor-widget-wrap elementor-element-populated\">\n\t\t\t\t\t\t<div class=\"elementor-element elementor-element-37c9d73 elementor-widget-divider--view-line_text elementor-widget-divider--element-align-center elementor-invisible elementor-widget elementor-widget-divider\" data-id=\"37c9d73\" data-element_type=\"widget\" data-settings=\"{&quot;_animation&quot;:&quot;fadeInDown&quot;}\" data-widget_type=\"divider.default\">\n\t\t\t\t<div class=\"elementor-widget-container\">\n\t\t\t\t\t<div class=\"elementor-divider\">\n\t\t\t<span class=\"elementor-divider-separator\">\n\t\t\t\t\t\t\t<span class=\"elementor-divider__text elementor-divider__element\">\n\t\t\t\tLONG-LASTING ARTEFACTS\t\t\t\t<\/span>\n\t\t\t\t\t\t<\/span>\n\t\t<\/div>\n\t\t\t\t<\/div>\n\t\t\t\t<\/div>\n\t\t\t\t<div class=\"elementor-element elementor-element-be2ed73 elementor-invisible elementor-widget elementor-widget-text-editor\" data-id=\"be2ed73\" data-element_type=\"widget\" data-settings=\"{&quot;_animation&quot;:&quot;fadeInDown&quot;}\" data-widget_type=\"text-editor.default\">\n\t\t\t\t<div class=\"elementor-widget-container\">\n\t\t\t\t\t\t\t<h2>CULTURE INSTITUTIONS<\/h2>\t\t\t\t\t\t<\/div>\n\t\t\t\t<\/div>\n\t\t\t\t\t<\/div>\n\t\t<\/div>\n\t\t\t\t\t<\/div>\n\t\t<\/section>\n\t\t\t\t<section data-particle_enable=\"false\" data-particle-mobile-disabled=\"false\" class=\"elementor-section elementor-top-section elementor-element elementor-element-557b9c1 elementor-section-boxed elementor-section-height-default elementor-section-height-default parallax_section_no qode_elementor_container_no\" data-id=\"557b9c1\" data-element_type=\"section\">\n\t\t\t\t\t\t<div class=\"elementor-container elementor-column-gap-default\">\n\t\t\t\t\t<div class=\"elementor-column elementor-col-100 elementor-top-column elementor-element elementor-element-567b5e9\" data-id=\"567b5e9\" data-element_type=\"column\">\n\t\t\t<div class=\"elementor-widget-wrap elementor-element-populated\">\n\t\t\t\t\t\t<div class=\"elementor-element elementor-element-da18cb2 dce-posts-layout-overlay dce-col-2 dce-align-center dce-col-tablet-3 dce-col-mobile-1 elementor-widget elementor-widget-dce-dynamicposts-v2\" data-id=\"da18cb2\" data-element_type=\"widget\" data-settings=\"{&quot;style_items&quot;:&quot;overlay&quot;,&quot;grid_match_height&quot;:&quot;yes&quot;,&quot;grid_grid_type&quot;:&quot;flex&quot;}\" data-widget_type=\"dce-dynamicposts-v2.grid\">\n\t\t\t\t<div class=\"elementor-widget-container\">\n\t\t\t\n\t\t<div class=\"dce-fix-background-loop dce-posts-container dce-posts dce-dynamic-posts-collection reveal-effect reveal-effect-1 dce-skin-grid dce-skin-grid-flex\">\n\t\t\t\t\t\t<div class=\"dce-posts-wrapper dce-wrapper-grid\">\n\t\t\t\n\t\t<article class=\"post-4158 post type-post status-publish format-standard has-post-thumbnail hentry category-culture-institutions dce-post dce-post-item dce-item-grid\" data-dce-post-id=\"4158\" data-dce-post-index=\"0\">\n\t\t\t<div class=\"dce-post-block elementor-animation-float\">\n\t\t<div class=\"dce-image-area dce-item-area\"><div class=\"dce-item dce-item_image elementor-repeater-item-a89288e\"><a class=\"dce-post-image\" href=\"https:\/\/www.sankovakif.com\/en\/long-lasting-artefactas\/culture-institutions\/sanko-art-gallery\/\" target=\"_blank\"><figure  class=\"dce-img\"><img fetchpriority=\"high\" decoding=\"async\" width=\"800\" height=\"600\" src=\"https:\/\/www.sankovakif.com\/wp-content\/uploads\/2021\/09\/banner1-800x600.jpg\" class=\"\" alt=\"SANKO Art Gallery\" \/><\/figure><\/a><\/div><\/div><div class=\"dce-content-area dce-item-area\"><div class=\"dce-item dce-item_title elementor-repeater-item-2b9fec5\"><span class=\"dce-post-title\"><a href=\"https:\/\/www.sankovakif.com\/en\/long-lasting-artefactas\/culture-institutions\/sanko-art-gallery\/\" target=\"_blank\">SANKO Art Gallery<\/a><\/span><\/div><\/div>\t\t\t<\/div>\n\t\t<\/article>\n\t\t\t\t\t<\/div>\n\t\t\t\t\t<\/div>\n\t\t\t\t<\/div>\n\t\t\t\t<\/div>\n\t\t\t\t\t<\/div>\n\t\t<\/div>\n\t\t\t\t\t<\/div>\n\t\t<\/section>\n\t\t\t\t<\/div>\n\t\t","protected":false},"excerpt":{"rendered":"<p>LONG-LASTING ARTEFACTS CULTURE INSTITUTIONS SANKO Sanat Galerisi<\/p>\n","protected":false},"author":1,"featured_media":3865,"parent":4170,"menu_order":0,"comment_status":"closed","ping_status":"closed","template":"","meta":{"_mi_skip_tracking":false,"_monsterinsights_sitenote_active":false,"_monsterinsights_sitenote_note":"","_monsterinsights_sitenote_category":0,"footnotes":""},"class_list":["post-4164","page","type-page","status-publish","has-post-thumbnail","hentry"],"acf":[],"yoast_head":"<!-- This site is optimized with the Yoast SEO plugin v20.9 - https:\/\/yoast.com\/wordpress\/plugins\/seo\/ -->\n<title>Culture Institutions &bull; Sani Konuko\u011flu Vakf\u0131<\/title>\n<meta name=\"description\" content=\"View the culture institutions built by the SANKO Foundation.\" \/>\n<meta name=\"robots\" content=\"index, follow, max-snippet:-1, max-image-preview:large, max-video-preview:-1\" \/>\n<link rel=\"canonical\" href=\"https:\/\/www.sankovakif.com\/en\/long-lasting-artefactas\/culture-institutions\/\" \/>\n<meta property=\"og:locale\" content=\"en_US\" \/>\n<meta property=\"og:type\" content=\"article\" \/>\n<meta property=\"og:title\" content=\"Culture Institutions &bull; Sani Konuko\u011flu Vakf\u0131\" \/>\n<meta property=\"og:description\" content=\"View the culture institutions built by the SANKO Foundation.\" \/>\n<meta property=\"og:url\" content=\"https:\/\/www.sankovakif.com\/en\/long-lasting-artefactas\/culture-institutions\/\" \/>\n<meta property=\"og:site_name\" content=\"Sani Konuko\u011flu Vakf\u0131\" \/>\n<meta property=\"article:publisher\" content=\"https:\/\/www.facebook.com\/SaniKonukogluVakfi\" \/>\n<meta property=\"article:modified_time\" content=\"2022-08-27T11:04:20+00:00\" \/>\n<meta property=\"og:image\" content=\"https:\/\/www.sankovakif.com\/wp-content\/uploads\/2021\/09\/banner1.jpg\" \/>\n\t<meta property=\"og:image:width\" content=\"1920\" \/>\n\t<meta property=\"og:image:height\" content=\"959\" \/>\n\t<meta property=\"og:image:type\" content=\"image\/jpeg\" \/>\n<meta name=\"twitter:card\" content=\"summary_large_image\" \/>\n<meta name=\"twitter:site\" content=\"@sankovakif\" \/>\n<script type=\"application\/ld+json\" class=\"yoast-schema-graph\">{\"@context\":\"https:\/\/schema.org\",\"@graph\":[{\"@type\":\"WebPage\",\"@id\":\"https:\/\/www.sankovakif.com\/en\/long-lasting-artefactas\/culture-institutions\/\",\"url\":\"https:\/\/www.sankovakif.com\/en\/long-lasting-artefactas\/culture-institutions\/\",\"name\":\"Culture Institutions &bull; Sani Konuko\u011flu Vakf\u0131\",\"isPartOf\":{\"@id\":\"https:\/\/www.sankovakif.com\/en\/#website\"},\"datePublished\":\"2021-09-29T09:01:08+00:00\",\"dateModified\":\"2022-08-27T11:04:20+00:00\",\"description\":\"View the culture institutions built by the SANKO Foundation.\",\"breadcrumb\":{\"@id\":\"https:\/\/www.sankovakif.com\/en\/long-lasting-artefactas\/culture-institutions\/#breadcrumb\"},\"inLanguage\":\"en-US\",\"potentialAction\":[{\"@type\":\"ReadAction\",\"target\":[\"https:\/\/www.sankovakif.com\/en\/long-lasting-artefactas\/culture-institutions\/\"]}]},{\"@type\":\"BreadcrumbList\",\"@id\":\"https:\/\/www.sankovakif.com\/en\/long-lasting-artefactas\/culture-institutions\/#breadcrumb\",\"itemListElement\":[{\"@type\":\"ListItem\",\"position\":1,\"name\":\"Home\",\"item\":\"https:\/\/www.sankovakif.com\/en\/\"},{\"@type\":\"ListItem\",\"position\":2,\"name\":\"Long-Lasting Artefacts\",\"item\":\"https:\/\/www.sankovakif.com\/en\/long-lasting-artefactas\/\"},{\"@type\":\"ListItem\",\"position\":3,\"name\":\"Culture Institutions\"}]},{\"@type\":\"WebSite\",\"@id\":\"https:\/\/www.sankovakif.com\/en\/#website\",\"url\":\"https:\/\/www.sankovakif.com\/en\/\",\"name\":\"Sani Konuko\u011flu Vakf\u0131\",\"description\":\"Payla\u015fmak Mutluluktur\",\"publisher\":{\"@id\":\"https:\/\/www.sankovakif.com\/en\/#organization\"},\"potentialAction\":[{\"@type\":\"SearchAction\",\"target\":{\"@type\":\"EntryPoint\",\"urlTemplate\":\"https:\/\/www.sankovakif.com\/en\/?s={search_term_string}\"},\"query-input\":\"required name=search_term_string\"}],\"inLanguage\":\"en-US\"},{\"@type\":\"Organization\",\"@id\":\"https:\/\/www.sankovakif.com\/en\/#organization\",\"name\":\"Sani Konuko\u011flu Foundation\",\"url\":\"https:\/\/www.sankovakif.com\/en\/\",\"logo\":{\"@type\":\"ImageObject\",\"inLanguage\":\"en-US\",\"@id\":\"https:\/\/www.sankovakif.com\/en\/#\/schema\/logo\/image\/\",\"url\":\"https:\/\/www.sankovakif.com\/wp-content\/uploads\/2022\/03\/sanko-yeni-logo-son.png\",\"contentUrl\":\"https:\/\/www.sankovakif.com\/wp-content\/uploads\/2022\/03\/sanko-yeni-logo-son.png\",\"width\":400,\"height\":127,\"caption\":\"Sani Konuko\u011flu Foundation\"},\"image\":{\"@id\":\"https:\/\/www.sankovakif.com\/en\/#\/schema\/logo\/image\/\"},\"sameAs\":[\"https:\/\/www.facebook.com\/SaniKonukogluVakfi\",\"https:\/\/twitter.com\/sankovakif\",\"https:\/\/www.instagram.com\/sanikonukogluvakfi\/\"]}]}<\/script>\n<!-- \/ Yoast SEO plugin. -->","yoast_head_json":{"title":"Culture Institutions &bull; Sani Konuko\u011flu Vakf\u0131","description":"View the culture institutions built by the SANKO Foundation.","robots":{"index":"index","follow":"follow","max-snippet":"max-snippet:-1","max-image-preview":"max-image-preview:large","max-video-preview":"max-video-preview:-1"},"canonical":"https:\/\/www.sankovakif.com\/en\/long-lasting-artefactas\/culture-institutions\/","og_locale":"en_US","og_type":"article","og_title":"Culture Institutions &bull; Sani Konuko\u011flu Vakf\u0131","og_description":"View the culture institutions built by the SANKO Foundation.","og_url":"https:\/\/www.sankovakif.com\/en\/long-lasting-artefactas\/culture-institutions\/","og_site_name":"Sani Konuko\u011flu Vakf\u0131","article_publisher":"https:\/\/www.facebook.com\/SaniKonukogluVakfi","article_modified_time":"2022-08-27T11:04:20+00:00","og_image":[{"width":1920,"height":959,"url":"https:\/\/www.sankovakif.com\/wp-content\/uploads\/2021\/09\/banner1.jpg","type":"image\/jpeg"}],"twitter_card":"summary_large_image","twitter_site":"@sankovakif","schema":{"@context":"https:\/\/schema.org","@graph":[{"@type":"WebPage","@id":"https:\/\/www.sankovakif.com\/en\/long-lasting-artefactas\/culture-institutions\/","url":"https:\/\/www.sankovakif.com\/en\/long-lasting-artefactas\/culture-institutions\/","name":"Culture Institutions &bull; Sani Konuko\u011flu Vakf\u0131","isPartOf":{"@id":"https:\/\/www.sankovakif.com\/en\/#website"},"datePublished":"2021-09-29T09:01:08+00:00","dateModified":"2022-08-27T11:04:20+00:00","description":"View the culture institutions built by the SANKO Foundation.","breadcrumb":{"@id":"https:\/\/www.sankovakif.com\/en\/long-lasting-artefactas\/culture-institutions\/#breadcrumb"},"inLanguage":"en-US","potentialAction":[{"@type":"ReadAction","target":["https:\/\/www.sankovakif.com\/en\/long-lasting-artefactas\/culture-institutions\/"]}]},{"@type":"BreadcrumbList","@id":"https:\/\/www.sankovakif.com\/en\/long-lasting-artefactas\/culture-institutions\/#breadcrumb","itemListElement":[{"@type":"ListItem","position":1,"name":"Home","item":"https:\/\/www.sankovakif.com\/en\/"},{"@type":"ListItem","position":2,"name":"Long-Lasting Artefacts","item":"https:\/\/www.sankovakif.com\/en\/long-lasting-artefactas\/"},{"@type":"ListItem","position":3,"name":"Culture Institutions"}]},{"@type":"WebSite","@id":"https:\/\/www.sankovakif.com\/en\/#website","url":"https:\/\/www.sankovakif.com\/en\/","name":"Sani Konuko\u011flu Vakf\u0131","description":"Payla\u015fmak Mutluluktur","publisher":{"@id":"https:\/\/www.sankovakif.com\/en\/#organization"},"potentialAction":[{"@type":"SearchAction","target":{"@type":"EntryPoint","urlTemplate":"https:\/\/www.sankovakif.com\/en\/?s={search_term_string}"},"query-input":"required name=search_term_string"}],"inLanguage":"en-US"},{"@type":"Organization","@id":"https:\/\/www.sankovakif.com\/en\/#organization","name":"Sani Konuko\u011flu Foundation","url":"https:\/\/www.sankovakif.com\/en\/","logo":{"@type":"ImageObject","inLanguage":"en-US","@id":"https:\/\/www.sankovakif.com\/en\/#\/schema\/logo\/image\/","url":"https:\/\/www.sankovakif.com\/wp-content\/uploads\/2022\/03\/sanko-yeni-logo-son.png","contentUrl":"https:\/\/www.sankovakif.com\/wp-content\/uploads\/2022\/03\/sanko-yeni-logo-son.png","width":400,"height":127,"caption":"Sani Konuko\u011flu Foundation"},"image":{"@id":"https:\/\/www.sankovakif.com\/en\/#\/schema\/logo\/image\/"},"sameAs":["https:\/\/www.facebook.com\/SaniKonukogluVakfi","https:\/\/twitter.com\/sankovakif","https:\/\/www.instagram.com\/sanikonukogluvakfi\/"]}]}},"_links":{"self":[{"href":"https:\/\/www.sankovakif.com\/en\/wp-json\/wp\/v2\/pages\/4164","targetHints":{"allow":["GET"]}}],"collection":[{"href":"https:\/\/www.sankovakif.com\/en\/wp-json\/wp\/v2\/pages"}],"about":[{"href":"https:\/\/www.sankovakif.com\/en\/wp-json\/wp\/v2\/types\/page"}],"author":[{"embeddable":true,"href":"https:\/\/www.sankovakif.com\/en\/wp-json\/wp\/v2\/users\/1"}],"replies":[{"embeddable":true,"href":"https:\/\/www.sankovakif.com\/en\/wp-json\/wp\/v2\/comments?post=4164"}],"version-history":[{"count":1,"href":"https:\/\/www.sankovakif.com\/en\/wp-json\/wp\/v2\/pages\/4164\/revisions"}],"predecessor-version":[{"id":4165,"href":"https:\/\/www.sankovakif.com\/en\/wp-json\/wp\/v2\/pages\/4164\/revisions\/4165"}],"up":[{"embeddable":true,"href":"https:\/\/www.sankovakif.com\/en\/wp-json\/wp\/v2\/pages\/4170"}],"wp:featuredmedia":[{"embeddable":true,"href":"https:\/\/www.sankovakif.com\/en\/wp-json\/wp\/v2\/media\/3865"}],"wp:attachment":[{"href":"https:\/\/www.sankovakif.com\/en\/wp-json\/wp\/v2\/media?parent=4164"}],"curies":[{"name":"wp","href":"https:\/\/api.w.org\/{rel}","templated":true}]}}